{"id":10,"date":"2012-10-05T10:40:03","date_gmt":"2012-10-05T08:40:03","guid":{"rendered":"http:\/\/edcm.fr\/?page_id=10"},"modified":"2012-10-05T10:40:03","modified_gmt":"2012-10-05T08:40:03","slug":"coaching","status":"publish","type":"page","link":"http:\/\/coach-manager.eu\/?page_id=10","title":{"rendered":"Coacher"},"content":{"rendered":"<p>\u00catre coach\u00e9, c&rsquo;est pouvoir tirer pleinement parti de ses forces et minimiser ses faiblesses&#8230;<\/p>\n<p>C&rsquo;est changer de paradigme vis \u00e0 vis du changement : passer de la peur de perdre \u00e0 l&rsquo;envie de gagner&#8230;<\/p>\n<table>\n<tbody>\n<tr>\n<td><a href=\"http:\/\/coach-manager.eu\/wp-content\/uploads\/2014\/07\/Fotolia_58498394_S1.jpg\"><img loading=\"lazy\" decoding=\"async\" class=\"alignnone size-medium wp-image-865\" src=\"http:\/\/coach-manager.eu\/wp-content\/uploads\/2014\/07\/Fotolia_58498394_S1-300x200.jpg\" alt=\"Composite image of businessman with arms raised\" width=\"300\" height=\"200\" srcset=\"http:\/\/coach-manager.eu\/wp-content\/uploads\/2014\/07\/Fotolia_58498394_S1-300x200.jpg 300w, http:\/\/coach-manager.eu\/wp-content\/uploads\/2014\/07\/Fotolia_58498394_S1-600x400.jpg 600w, http:\/\/coach-manager.eu\/wp-content\/uploads\/2014\/07\/Fotolia_58498394_S1.jpg 849w\" sizes=\"auto, (max-width: 300px) 100vw, 300px\" \/><\/a><\/td>\n<td><strong>Le coaching, c&rsquo;est quoi?<\/strong><\/p>\n<p>Venu de la Gr\u00e8ce antique, le coaching est une pratique essentiellement linguistique destin\u00e9e \u00e0 faire \u00e9merger le potentiel humain.<\/p>\n<p>C&rsquo;est le processus qui permet \u00e0 un individu de fonctionner \u00e0 son meilleur niveau de capacit\u00e9 et de produire les comportements et r\u00e9sultats souhait\u00e9s<\/td>\n<\/tr>\n<\/tbody>\n<\/table>\n<p><strong>L&rsquo;exemple du sport :<\/strong><\/p>\n<p>Si je veux commencer le saut \u00e0 la perche, je peux essayer seul, mais je n&rsquo;y parviendrais pas. Je commence par avoir recours \u00e0 un <strong>formateur<\/strong>. <strong>Il sait, et sait que je ne sais pas<\/strong>, et va me transmettre son savoir.<\/p>\n<p>Lorsque j&rsquo;ai acquis la th\u00e9orie, vient alors le stade de la mise en pratique. Comme je ne m&rsquo;en sors pas seul, j&rsquo;ai recours \u00e0 un <strong>entraineur<\/strong>. <strong>Il sait, et sait que je ne sais pas<\/strong>, et m&rsquo;aide \u00e0 augmenter ma condition physique et \u00e0 acqu\u00e9rir les bons mouvements.<\/p>\n<p>A force de travail, je deviens le meilleur performer mondial. Plus personne n&rsquo;est meilleur que moi. Alors comment faire pour progresser encore? J&rsquo;ai recours \u00e0 un <strong>coach<\/strong>. <strong>Il sait qu&rsquo;il ne sait pas, mais que je sais<\/strong> et va m&rsquo;aider \u00e0 trouver mes propres solutions pour progresser.<\/p>\n<p>&nbsp;<\/p>\n<table>\n<tbody>\n<tr>\n<td>\u00catre coach\u00e9,<\/p>\n<p>c&rsquo;est s&rsquo;autoriser le succ\u00e8s<\/p>\n<p>Apr\u00e8s tout, est-ce un hasard si tous les sportifs de haut niveau ont un entraineur <strong>et<\/strong> un coach?<\/td>\n<td><a href=\"http:\/\/coach-manager.eu\/wp-content\/uploads\/2013\/06\/Fotolia_62249366_XS1.jpg\"><img loading=\"lazy\" decoding=\"async\" class=\"alignnone size-medium wp-image-904\" src=\"http:\/\/coach-manager.eu\/wp-content\/uploads\/2013\/06\/Fotolia_62249366_XS1-300x300.jpg\" alt=\"Business Success Concept, Motivational Picture\" width=\"300\" height=\"300\" srcset=\"http:\/\/coach-manager.eu\/wp-content\/uploads\/2013\/06\/Fotolia_62249366_XS1-300x300.jpg 300w, http:\/\/coach-manager.eu\/wp-content\/uploads\/2013\/06\/Fotolia_62249366_XS1-100x100.jpg 100w, http:\/\/coach-manager.eu\/wp-content\/uploads\/2013\/06\/Fotolia_62249366_XS1-150x150.jpg 150w, http:\/\/coach-manager.eu\/wp-content\/uploads\/2013\/06\/Fotolia_62249366_XS1.jpg 346w\" sizes=\"auto, (max-width: 300px) 100vw, 300px\" \/><\/a><\/td>\n<\/tr>\n<\/tbody>\n<\/table>\n<p>&nbsp;<\/p>\n","protected":false},"excerpt":{"rendered":"<p>\u00catre coach\u00e9, c&rsquo;est pouvoir tirer pleinement parti de ses forces et minimiser ses faiblesses&#8230; C&rsquo;est changer de paradigme vis \u00e0 vis du changement : passer de la peur de perdre \u00e0 l&rsquo;envie de gagner&#8230; Le coaching, c&rsquo;est quoi? Venu de la Gr\u00e8ce antique, le coaching est une pratique essentiellement linguistique<a href=\"http:\/\/coach-manager.eu\/?page_id=10\" class=\"read-more\">lire la suite&#8230;<\/a><\/p>\n","protected":false},"author":3,"featured_media":0,"parent":0,"menu_order":20,"comment_status":"closed","ping_status":"closed","template":"","meta":{"spay_email":"","footnotes":""},"class_list":["post-10","page","type-page","status-publish","hentry"],"jetpack_shortlink":"https:\/\/wp.me\/P5fxaG-a","jetpack_sharing_enabled":true,"_links":{"self":[{"href":"http:\/\/coach-manager.eu\/index.php?rest_route=\/wp\/v2\/pages\/10","targetHints":{"allow":["GET"]}}],"collection":[{"href":"http:\/\/coach-manager.eu\/index.php?rest_route=\/wp\/v2\/pages"}],"about":[{"href":"http:\/\/coach-manager.eu\/index.php?rest_route=\/wp\/v2\/types\/page"}],"author":[{"embeddable":true,"href":"http:\/\/coach-manager.eu\/index.php?rest_route=\/wp\/v2\/users\/3"}],"replies":[{"embeddable":true,"href":"http:\/\/coach-manager.eu\/index.php?rest_route=%2Fwp%2Fv2%2Fcomments&post=10"}],"version-history":[{"count":0,"href":"http:\/\/coach-manager.eu\/index.php?rest_route=\/wp\/v2\/pages\/10\/revisions"}],"wp:attachment":[{"href":"http:\/\/coach-manager.eu\/index.php?rest_route=%2Fwp%2Fv2%2Fmedia&parent=10"}],"curies":[{"name":"wp","href":"https:\/\/api.w.org\/{rel}","templated":true}]}}