{"id":101,"date":"2013-06-13T12:47:20","date_gmt":"2013-06-13T10:47:20","guid":{"rendered":"http:\/\/coach-manager.fr\/blog1\/?page_id=101"},"modified":"2013-06-13T12:47:20","modified_gmt":"2013-06-13T10:47:20","slug":"test-de-performance-commerciale","status":"publish","type":"page","link":"http:\/\/coach-manager.eu\/?page_id=101","title":{"rendered":"Test de performance commerciale"},"content":{"rendered":"<p>Cet outil r\u00e9alis\u00e9 sous forme de questionnaire permet d&rsquo;identifier de fa\u00e7on rapide et efficace les forces et faiblesses du dispositif commercial<\/p>\n<ul>\n<li>Rapport d\u2019expertise commercial<\/li>\n<li>Plan d\u2019actions commerciales<\/li>\n<li>Bilan des aptitudes comportementales \u00e0 la vente<\/li>\n<li>Plan de r\u00e9flexion strat\u00e9gique<\/li>\n<li>Chronologie des actions \u00e0 entreprendre<\/li>\n<li>Accompagnement dans la mise en place d\u2019un plan d\u2019actions commerciale<\/li>\n<\/ul>\n","protected":false},"excerpt":{"rendered":"<p>Cet outil r\u00e9alis\u00e9 sous forme de questionnaire permet d&rsquo;identifier de fa\u00e7on rapide et efficace les forces et faiblesses du dispositif commercial Rapport d\u2019expertise commercial Plan d\u2019actions commerciales Bilan des aptitudes comportementales \u00e0 la vente Plan de r\u00e9flexion strat\u00e9gique Chronologie des actions \u00e0 entreprendre Accompagnement dans la mise en place d\u2019un<a href=\"http:\/\/coach-manager.eu\/?page_id=101\" class=\"read-more\">lire la suite&#8230;<\/a><\/p>\n","protected":false},"author":3,"featured_media":0,"parent":83,"menu_order":0,"comment_status":"open","ping_status":"open","template":"","meta":{"spay_email":"","footnotes":""},"class_list":["post-101","page","type-page","status-publish","hentry"],"jetpack_shortlink":"https:\/\/wp.me\/P5fxaG-1D","jetpack_sharing_enabled":true,"_links":{"self":[{"href":"http:\/\/coach-manager.eu\/index.php?rest_route=\/wp\/v2\/pages\/101","targetHints":{"allow":["GET"]}}],"collection":[{"href":"http:\/\/coach-manager.eu\/index.php?rest_route=\/wp\/v2\/pages"}],"about":[{"href":"http:\/\/coach-manager.eu\/index.php?rest_route=\/wp\/v2\/types\/page"}],"author":[{"embeddable":true,"href":"http:\/\/coach-manager.eu\/index.php?rest_route=\/wp\/v2\/users\/3"}],"replies":[{"embeddable":true,"href":"http:\/\/coach-manager.eu\/index.php?rest_route=%2Fwp%2Fv2%2Fcomments&post=101"}],"version-history":[{"count":0,"href":"http:\/\/coach-manager.eu\/index.php?rest_route=\/wp\/v2\/pages\/101\/revisions"}],"up":[{"embeddable":true,"href":"http:\/\/coach-manager.eu\/index.php?rest_route=\/wp\/v2\/pages\/83"}],"wp:attachment":[{"href":"http:\/\/coach-manager.eu\/index.php?rest_route=%2Fwp%2Fv2%2Fmedia&parent=101"}],"curies":[{"name":"wp","href":"https:\/\/api.w.org\/{rel}","templated":true}]}}