{"id":1169,"date":"2012-10-05T09:07:16","date_gmt":"2012-10-05T07:07:16","guid":{"rendered":"http:\/\/coach-manager.fr\/blog1\/\/?page_id=2"},"modified":"2012-10-05T09:07:16","modified_gmt":"2012-10-05T07:07:16","slug":"about","status":"publish","type":"page","link":"http:\/\/coach-manager.eu\/?page_id=1169","title":{"rendered":"Coach-Manager"},"content":{"rendered":"<h1>Un r\u00e9seau de coachs certifi\u00e9s<\/h1>\n<p>COACH-MANAGER, ce sont des coaches :<\/p>\n<ul>\n<li>Certifi\u00e9s ICF ou inscrits dans une d\u00e9marche de certification,<\/li>\n<li>Convaincus qu&rsquo;on ne\u00a0 peut vanter \u00e0 ses clients la n\u00e9cessit\u00e9 d&rsquo;\u00eatre accompagn\u00e9 et rester seul<\/li>\n<li>Ayant envie d&rsquo;\u00eatre compl\u00e9ments plut\u00f4t que concurrents<\/li>\n<\/ul>\n<h1>Une identit\u00e9 forte<\/h1>\n<p>Le r\u00e9seau Coach-manager est compos\u00e9 de coaches riches d&rsquo;exp\u00e9riences diff\u00e9rentes partageant le m\u00eame sens du r\u00e9sultat.<br \/>\nNous avons tous occup\u00e9 des postes \u00e0 responsabilit\u00e9 en entreprise, et connaissons bien les rouages des petites et grandes structures.<\/p>\n<h1>Une certitude :<\/h1>\n<p>Les enjeux de l&rsquo;entreprise se r\u00e9alisent gr\u00e2ce \u00e0 l&rsquo;humain, et non \u00e0 son d\u00e9triment&#8230; pour que le changement soit positif, il doit profiter \u00e0 tous.<\/p>\n<h1>Une approche commune :<\/h1>\n<table>\n<tbody>\n<tr>\n<td><a href=\"http:\/\/coach-manager.eu\/wp-content\/uploads\/2014\/07\/Fotolia_36533467_S1.jpg\"><img loading=\"lazy\" decoding=\"async\" class=\"alignnone size-medium wp-image-853\" src=\"http:\/\/coach-manager.eu\/wp-content\/uploads\/2014\/07\/Fotolia_36533467_S1-300x270.jpg\" alt=\"Raising color arrows\" width=\"300\" height=\"270\" srcset=\"http:\/\/coach-manager.eu\/wp-content\/uploads\/2014\/07\/Fotolia_36533467_S1-300x270.jpg 300w, http:\/\/coach-manager.eu\/wp-content\/uploads\/2014\/07\/Fotolia_36533467_S1-600x540.jpg 600w, http:\/\/coach-manager.eu\/wp-content\/uploads\/2014\/07\/Fotolia_36533467_S1.jpg 730w\" sizes=\"auto, (max-width: 300px) 100vw, 300px\" \/><\/a><\/td>\n<td>La d\u00e9marche VIP est appliqu\u00e9e au r\u00e9seau lui m\u00eame :<\/p>\n<ul>\n<li>Une Vision repla\u00e7ant l&rsquo;humain au c\u0153ur des enjeux de l&rsquo;entreprise<\/li>\n<li>Des Interfaces de qualit\u00e9 reposant sur une v\u00e9ritable relation de confiance et une confrontation bienveillante<\/li>\n<li>Des Processus d&rsquo;intervention et de formation s&rsquo;appuyant sur un large spectre d&rsquo;outils et favorisant l&rsquo;humain<\/li>\n<\/ul>\n<\/td>\n<\/tr>\n<\/tbody>\n<\/table>\n<h1>Une offre pertinente pour tous :<\/h1>\n<p>Notre offre s&rsquo;adresse \u00e0 tous TPE, PME, ETI, groupes, d\u00e8s lors que l&rsquo;entreprise fait intervenir l&rsquo;humain dans son fonctionnement.<\/p>\n<h1>Le tout anim\u00e9 par une constante motivation \u00e0 atteindre les objectifs et \u00e0 mesurer les r\u00e9sultats.<\/h1>\n","protected":false},"excerpt":{"rendered":"<p>Un r\u00e9seau de coachs certifi\u00e9s COACH-MANAGER, ce sont des coaches : Certifi\u00e9s ICF ou inscrits dans une d\u00e9marche de certification, Convaincus qu&rsquo;on ne\u00a0 peut vanter \u00e0 ses clients la n\u00e9cessit\u00e9 d&rsquo;\u00eatre accompagn\u00e9 et rester seul Ayant envie d&rsquo;\u00eatre compl\u00e9ments plut\u00f4t que concurrents Une identit\u00e9 forte Le r\u00e9seau Coach-manager est compos\u00e9<a href=\"http:\/\/coach-manager.eu\/?page_id=1169\" class=\"read-more\">lire la suite&#8230;<\/a><\/p>\n","protected":false},"author":3,"featured_media":0,"parent":356,"menu_order":10,"comment_status":"closed","ping_status":"closed","template":"","meta":{"spay_email":"","footnotes":""},"class_list":["post-1169","page","type-page","status-publish","hentry"],"jetpack_shortlink":"https:\/\/wp.me\/P5fxaG-iR","jetpack_sharing_enabled":true,"_links":{"self":[{"href":"http:\/\/coach-manager.eu\/index.php?rest_route=\/wp\/v2\/pages\/1169","targetHints":{"allow":["GET"]}}],"collection":[{"href":"http:\/\/coach-manager.eu\/index.php?rest_route=\/wp\/v2\/pages"}],"about":[{"href":"http:\/\/coach-manager.eu\/index.php?rest_route=\/wp\/v2\/types\/page"}],"author":[{"embeddable":true,"href":"http:\/\/coach-manager.eu\/index.php?rest_route=\/wp\/v2\/users\/3"}],"replies":[{"embeddable":true,"href":"http:\/\/coach-manager.eu\/index.php?rest_route=%2Fwp%2Fv2%2Fcomments&post=1169"}],"version-history":[{"count":0,"href":"http:\/\/coach-manager.eu\/index.php?rest_route=\/wp\/v2\/pages\/1169\/revisions"}],"up":[{"embeddable":true,"href":"http:\/\/coach-manager.eu\/index.php?rest_route=\/wp\/v2\/pages\/356"}],"wp:attachment":[{"href":"http:\/\/coach-manager.eu\/index.php?rest_route=%2Fwp%2Fv2%2Fmedia&parent=1169"}],"curies":[{"name":"wp","href":"https:\/\/api.w.org\/{rel}","templated":true}]}}