{"id":1171,"date":"2012-10-05T10:35:26","date_gmt":"2012-10-05T08:35:26","guid":{"rendered":"http:\/\/edcm.fr\/?page_id=8"},"modified":"2012-10-05T10:35:26","modified_gmt":"2012-10-05T08:35:26","slug":"formation","status":"publish","type":"page","link":"http:\/\/coach-manager.eu\/?page_id=1171","title":{"rendered":"Former"},"content":{"rendered":"<h1 style=\"text-align: center;\">La formation pour Coach-Manager<\/h1>\n<p style=\"text-align: center;\"><span style=\"color: #000000;\"><strong>&#8230;Investir dans la formation, <\/strong><\/span><\/p>\n<p style=\"text-align: center;\"><span style=\"color: #000000;\"><strong>c&rsquo;est conjuguer au pr\u00e9sent, mais aussi au futur, <\/strong><\/span><\/p>\n<p style=\"text-align: center;\"><span style=\"color: #000000;\"><strong>le souci des hommes et le souci des r\u00e9sultat&#8230; <\/strong><\/span><\/p>\n<p style=\"text-align: center;\"><span style=\"color: #000000;\"><strong>(Philippe BLOCH)<\/strong><\/span><\/p>\n<table class=\" aligncenter\" style=\"width: 600px;\">\n<tbody>\n<tr>\n<td colspan=\"2\"><strong><strong>La formation, c&rsquo;est l&rsquo;art de transmettre des connaissances.<\/strong><\/strong><\/td>\n<\/tr>\n<tr>\n<td><strong><a href=\"http:\/\/coach-manager.eu\/wp-content\/uploads\/2014\/07\/Fotolia_32426404_S1.jpg\"><img loading=\"lazy\" decoding=\"async\" class=\"alignnone wp-image-851\" src=\"http:\/\/coach-manager.eu\/wp-content\/uploads\/2014\/07\/Fotolia_32426404_S1-200x300.jpg\" alt=\"coach-manager vous aide\" width=\"183\" height=\"275\" srcset=\"http:\/\/coach-manager.eu\/wp-content\/uploads\/2014\/07\/Fotolia_32426404_S1-200x300.jpg 200w, http:\/\/coach-manager.eu\/wp-content\/uploads\/2014\/07\/Fotolia_32426404_S1.jpg 566w\" sizes=\"auto, (max-width: 183px) 100vw, 183px\" \/><\/a> \u00a0 \u00a0 \u00a0\u00a0 <\/strong><\/td>\n<td style=\"vertical-align: middle;\">\n<ul>\n<li>Nous sommes <strong>pr\u00e9sents sur le terrain<\/strong> au c\u00f4t\u00e9 des <strong>dirigeants,<\/strong> de leurs entreprises et de leurs salari\u00e9s au <strong>quotidien,<\/strong> au plus proche de leurs <strong>pr\u00e9occupations,<\/strong><\/li>\n<li>Coach-manager sait vous conseille et \u00e9labore avec vous des plans de formation <strong>parfaitement<\/strong> <strong>int\u00e9gr\u00e9s <\/strong>\u00e0 vos plans d&rsquo;action pour gravir une marche de plus vers l&rsquo;atteinte de vos objectifs<\/li>\n<li>Coach-manager \u00e9value la <strong>qualit\u00e9<\/strong> de la transmission non \u00e0 la quantit\u00e9 d&rsquo;informations \u00e9mises, mais aux <strong>informations re\u00e7ues, int\u00e9gr\u00e9es,<\/strong> et <strong>utilisables<\/strong> imm\u00e9diatement,<\/li>\n<li>Plus qu&rsquo;une\u00a0 somme de connaissances, c&rsquo;est un <strong>\u00e9tat d&rsquo;esprit <\/strong>qui permet de comprendre comment les utiliser afin de <strong>construire<\/strong> l&rsquo;avenir.<\/li>\n<\/ul>\n<\/td>\n<\/tr>\n<\/tbody>\n<\/table>\n<p style=\"text-align: center;\"><strong><span style=\"color: #000000;\">&#8230;Ne vous trompez pas de formation :<\/span><\/strong><\/p>\n<p style=\"text-align: center;\"><strong><span style=\"color: #000000;\"> ce ne sont pas les contenus techniques qui vous aideront \u00e0 r\u00e9ussir dans un m\u00e9tier&#8230;<\/span><\/strong><\/p>\n<p style=\"text-align: center;\"><strong><span style=\"color: #000000;\">\u00a0<em>(Daniel JOUVE)<\/em><\/span><\/strong><\/p>\n<table class=\" aligncenter\" style=\"width: 600px;\">\n<tbody>\n<tr>\n<td rowspan=\"2\"><a href=\"http:\/\/coach-manager.eu\/wp-content\/uploads\/2014\/07\/Fotolia_53597186_S1.jpg\"><img loading=\"lazy\" decoding=\"async\" class=\"alignnone size-medium wp-image-861\" src=\"http:\/\/coach-manager.eu\/wp-content\/uploads\/2014\/07\/Fotolia_53597186_S1-300x215.jpg\" alt=\"strategy\" width=\"300\" height=\"215\" srcset=\"http:\/\/coach-manager.eu\/wp-content\/uploads\/2014\/07\/Fotolia_53597186_S1-300x215.jpg 300w, http:\/\/coach-manager.eu\/wp-content\/uploads\/2014\/07\/Fotolia_53597186_S1-600x432.jpg 600w, http:\/\/coach-manager.eu\/wp-content\/uploads\/2014\/07\/Fotolia_53597186_S1.jpg 817w\" sizes=\"auto, (max-width: 300px) 100vw, 300px\" \/><\/a><\/td>\n<td>Pour nous,\u00a0 la formation doit permettre <strong>d\u2019int\u00e9grer rapidement<\/strong>\u00a0 l&rsquo;essentiel des sch\u00e9mas de fonctionnement et le sens de la d\u00e9marche :<\/td>\n<\/tr>\n<tr>\n<td>\n<ul>\n<li>C&rsquo;est pourquoi nous <strong>concevons<\/strong> et <strong>adaptons<\/strong> nos programmes aux <strong>besoins r\u00e9els<\/strong> de l&rsquo;entreprise et de ses hommes,<\/li>\n<li>C&rsquo;est pourquoi tous nos programmes comprennent des mises en pratique, des jeux, des d\u00e9bats,<\/li>\n<li>C&rsquo;est pourquoi nos clients nous recommandent<\/li>\n<\/ul>\n<p>&nbsp;<\/td>\n<\/tr>\n<\/tbody>\n<\/table>\n<table class=\" aligncenter\" style=\"width: 600px;\">\n<tbody>\n<tr>\n<td><\/td>\n<td>Notre m\u00e9thode\u00a0 <strong>3 D<\/strong> <strong>&#8211; AMIE<\/strong> :<\/p>\n<ul>\n<li><strong>D<\/strong>\u00e9terminer les besoins<\/li>\n<li><strong>D<\/strong>\u00e9finir les objectifs p\u00e9dagogiques<\/li>\n<li><strong>D<\/strong>essiner les modules<\/li>\n<li><strong>A<\/strong>nimer<\/li>\n<li><strong>M<\/strong>ettre en Action<\/li>\n<li>Faire<strong> I<\/strong>nt\u00e9grer<\/li>\n<li><strong>E<\/strong>valuer<\/li>\n<\/ul>\n<\/td>\n<td><img loading=\"lazy\" decoding=\"async\" class=\"alignnone wp-image-1103\" src=\"http:\/\/coach-manager.eu\/wp-content\/uploads\/2014\/03\/Fotolia_54568037_XS1.jpg\" alt=\"coach manager formation gagnante\" width=\"300\" height=\"240\" srcset=\"http:\/\/coach-manager.eu\/wp-content\/uploads\/2014\/03\/Fotolia_54568037_XS1.jpg 387w, http:\/\/coach-manager.eu\/wp-content\/uploads\/2014\/03\/Fotolia_54568037_XS1-300x240.jpg 300w\" sizes=\"auto, (max-width: 300px) 100vw, 300px\" \/><\/td>\n<\/tr>\n<\/tbody>\n<\/table>\n<p style=\"text-align: center;\"><span style=\"color: #000000;\"><strong>&#8230;Rien ne pr\u00e9dispose plus au conformisme que le manque de formation&#8230; <\/strong><\/span><\/p>\n<p style=\"text-align: center;\"><span style=\"color: #000000;\"><strong><em>(Gustave THIBON)<\/em><\/strong><\/span><\/p>\n<table class=\" aligncenter\" style=\"width: 600px;\">\n<tbody>\n<tr>\n<td>Aujourd&rsquo;hui, dans un environnement o\u00f9 les changements sont de plus en plus rapides, de plus en plus impactant et de moins en moins pr\u00e9visibles, la r\u00e9ussite passe par l&rsquo;adaptabilit\u00e9.<\/p>\n<p>&nbsp;<\/p>\n<p>Coach-Manager est fier de proposer des formations adapt\u00e9es, int\u00e9gratives, et qui permettent de grandir<\/td>\n<\/tr>\n<\/tbody>\n<\/table>\n<p>&nbsp;<\/p>\n","protected":false},"excerpt":{"rendered":"<p>La formation pour Coach-Manager &#8230;Investir dans la formation, c&rsquo;est conjuguer au pr\u00e9sent, mais aussi au futur, le souci des hommes et le souci des r\u00e9sultat&#8230; (Philippe BLOCH) La formation, c&rsquo;est l&rsquo;art de transmettre des connaissances. \u00a0 \u00a0 \u00a0\u00a0 Nous sommes pr\u00e9sents sur le terrain au c\u00f4t\u00e9 des dirigeants, de leurs<a href=\"http:\/\/coach-manager.eu\/?page_id=1171\" class=\"read-more\">lire la suite&#8230;<\/a><\/p>\n","protected":false},"author":3,"featured_media":0,"parent":0,"menu_order":30,"comment_status":"closed","ping_status":"closed","template":"","meta":{"spay_email":"","footnotes":""},"class_list":["post-1171","page","type-page","status-publish","hentry"],"jetpack_shortlink":"https:\/\/wp.me\/P5fxaG-iT","jetpack_sharing_enabled":true,"_links":{"self":[{"href":"http:\/\/coach-manager.eu\/index.php?rest_route=\/wp\/v2\/pages\/1171","targetHints":{"allow":["GET"]}}],"collection":[{"href":"http:\/\/coach-manager.eu\/index.php?rest_route=\/wp\/v2\/pages"}],"about":[{"href":"http:\/\/coach-manager.eu\/index.php?rest_route=\/wp\/v2\/types\/page"}],"author":[{"embeddable":true,"href":"http:\/\/coach-manager.eu\/index.php?rest_route=\/wp\/v2\/users\/3"}],"replies":[{"embeddable":true,"href":"http:\/\/coach-manager.eu\/index.php?rest_route=%2Fwp%2Fv2%2Fcomments&post=1171"}],"version-history":[{"count":0,"href":"http:\/\/coach-manager.eu\/index.php?rest_route=\/wp\/v2\/pages\/1171\/revisions"}],"wp:attachment":[{"href":"http:\/\/coach-manager.eu\/index.php?rest_route=%2Fwp%2Fv2%2Fmedia&parent=1171"}],"curies":[{"name":"wp","href":"https:\/\/api.w.org\/{rel}","templated":true}]}}