{"id":1250,"date":"2014-09-22T10:57:40","date_gmt":"2014-09-22T08:57:40","guid":{"rendered":"http:\/\/coach-manager.fr\/?page_id=1250"},"modified":"2014-09-22T10:57:40","modified_gmt":"2014-09-22T08:57:40","slug":"eq-intelligence-emotionnelle","status":"publish","type":"page","link":"http:\/\/coach-manager.eu\/?page_id=1250","title":{"rendered":"EQ (Intelligence Emotionnelle)"},"content":{"rendered":"<dl id=\"offlajn-accordion-51-1\" class=\"level1\">\n<dt class=\"level1 off-nav-107 parent  \">\n<h1>EQ: Le Quotient Emotionnel<\/h1>\n<p>&nbsp;<\/p>\n<p>EQ, Quotient Emotionnel, \u00e9value l&rsquo;intelligence \u00e9motionnelle\u00a0telle que d\u00e9finie par les travaux des Dr Mayer et Salovey. De fa\u00e7on tr\u00e8s synt\u00e9thique, EQ \u00e9value la capacit\u00e9 d&rsquo;un individu \u00e0 g\u00e9rer, vivre et ma\u00eetriser ses \u00e9motions. Ce nouvel outil est un excellent compl\u00e9ment au DISC<\/p>\n<p>&nbsp;<\/p>\n<p><strong>Success Insights EQ donne une \u00e9valuation de 5 dimensions :<\/strong><\/p>\n<p style=\"padding-left: 150px;\"><img decoding=\"async\" style=\"float: left; margin-top: 3px; margin-bottom: 0px;\" src=\"http:\/\/success-insights.com\/images\/puce.jpg\" alt=\"\" border=\"0\" \/>\u00a0Reconna\u00eetre ses \u00e9motions et ses effets<br \/>\n<img decoding=\"async\" style=\"float: left; margin-top: 3px; margin-bottom: 0px;\" src=\"http:\/\/success-insights.com\/images\/puce.jpg\" alt=\"\" border=\"0\" \/>\u00a0Auto-r\u00e9gulation de ses \u00e9motions<br \/>\n<img decoding=\"async\" style=\"float: left; margin-top: 3px; margin-bottom: 0px;\" src=\"http:\/\/success-insights.com\/images\/puce.jpg\" alt=\"\" border=\"0\" \/>\u00a0Motivations<br \/>\n<img decoding=\"async\" style=\"float: left; margin-top: 3px; margin-bottom: 0px;\" src=\"http:\/\/success-insights.com\/images\/puce.jpg\" alt=\"intelligence emotionnelle evaluation\" border=\"0\" \/>\u00a0Empathie<br \/>\n<img decoding=\"async\" style=\"float: left; margin-top: 3px; margin-bottom: 0px;\" src=\"http:\/\/success-insights.com\/images\/puce.jpg\" alt=\"profil emotionnel\" border=\"0\" \/>\u00a0Aptitudes sociales<\/p>\n<\/dt>\n<\/dl>\n","protected":false},"excerpt":{"rendered":"<p>EQ: Le Quotient Emotionnel &nbsp; EQ, Quotient Emotionnel, \u00e9value l&rsquo;intelligence \u00e9motionnelle\u00a0telle que d\u00e9finie par les travaux des Dr Mayer et Salovey. De fa\u00e7on tr\u00e8s synt\u00e9thique, EQ \u00e9value la capacit\u00e9 d&rsquo;un individu \u00e0 g\u00e9rer, vivre et ma\u00eetriser ses \u00e9motions. Ce nouvel outil est un excellent compl\u00e9ment au DISC &nbsp; Success Insights<a href=\"http:\/\/coach-manager.eu\/?page_id=1250\" class=\"read-more\">lire la suite&#8230;<\/a><\/p>\n","protected":false},"author":2,"featured_media":0,"parent":0,"menu_order":0,"comment_status":"closed","ping_status":"closed","template":"","meta":{"spay_email":"","footnotes":""},"class_list":["post-1250","page","type-page","status-publish","hentry"],"jetpack_shortlink":"https:\/\/wp.me\/P5fxaG-ka","jetpack_sharing_enabled":true,"_links":{"self":[{"href":"http:\/\/coach-manager.eu\/index.php?rest_route=\/wp\/v2\/pages\/1250","targetHints":{"allow":["GET"]}}],"collection":[{"href":"http:\/\/coach-manager.eu\/index.php?rest_route=\/wp\/v2\/pages"}],"about":[{"href":"http:\/\/coach-manager.eu\/index.php?rest_route=\/wp\/v2\/types\/page"}],"author":[{"embeddable":true,"href":"http:\/\/coach-manager.eu\/index.php?rest_route=\/wp\/v2\/users\/2"}],"replies":[{"embeddable":true,"href":"http:\/\/coach-manager.eu\/index.php?rest_route=%2Fwp%2Fv2%2Fcomments&post=1250"}],"version-history":[{"count":0,"href":"http:\/\/coach-manager.eu\/index.php?rest_route=\/wp\/v2\/pages\/1250\/revisions"}],"wp:attachment":[{"href":"http:\/\/coach-manager.eu\/index.php?rest_route=%2Fwp%2Fv2%2Fmedia&parent=1250"}],"curies":[{"name":"wp","href":"https:\/\/api.w.org\/{rel}","templated":true}]}}