{"id":138,"date":"2013-06-14T15:49:20","date_gmt":"2013-06-14T13:49:20","guid":{"rendered":"http:\/\/coach-manager.fr\/blog1\/?page_id=138"},"modified":"2013-06-14T15:49:20","modified_gmt":"2013-06-14T13:49:20","slug":"coaching-individuel","status":"publish","type":"page","link":"http:\/\/coach-manager.eu\/?page_id=138","title":{"rendered":"Formes de Coaching"},"content":{"rendered":"<p><strong>Coaching G\u00e9n\u00e9ratif<\/strong><\/p>\n<p>Le coaching g\u00e9n\u00e9ratif consiste \u00e0 accompagner l\u2019\u00e9volution des personnes dans la r\u00e9alisation de r\u00e9sultats compl\u00e8tement nouveaux,\u00a0 bien au del\u00e0 de ce qui est attendu ou imagin\u00e9.<\/p>\n<p>Il en r\u00e9sulte des changements profonds mani\u00e8re de penser, de ressentir, de r\u00e9agir, qui permettent d&rsquo;exprimer un potentiel jusque l\u00e0 ignor\u00e9, d&rsquo;innover, de cr\u00e9er.<\/p>\n<p><strong>Coaching Curatif<\/strong><\/p>\n<p>Le coaching curatif consiste \u00e0 trouver la solution \u00e0 un probl\u00e8me, \u00e0 franchir un obstacle<\/p>\n<p><strong>Coaching de Maintenance<\/strong><\/p>\n<p>Permet de maintenir les performances actuelles et de les assurer dans le temps<\/p>\n<p><strong>Coaching Ontologique<\/strong><\/p>\n<p>Le coaching ontologique part du principe que toute r\u00e9ussite humaine d\u00e9pend du contexte de relations interpersonnelles \u00e0 l&rsquo;int\u00e9rieur duquel elle se produit. On ne cherche donc pas \u00e0 changer les personnes, mais la fa\u00e7on dont on les per\u00e7oit.<\/p>\n<p>On prend conscience que le langage n&rsquo;est pas un \u00e9l\u00e9ment neutre de description de la r\u00e9alit\u00e9, mais qu&rsquo;il participe \u00e0 lui donner sa forme en l&rsquo;interpr\u00e9tant.<\/p>\n<p>Ce que quelqu&rsquo;un dit de quelque chose contient donc en partie le reflet des filtres qui\u00a0 interpr\u00e8tent cette r\u00e9alit\u00e9.<\/p>\n<p>On passe de \u00ab\u00a0<strong>le monde est comme \u00e7a<\/strong>\u00a0\u00bb \u00e0 \u00ab\u00a0<strong>voil\u00e0 comment je per\u00e7ois, j&rsquo;observe le monde<\/strong>\u00ab\u00a0<\/p>\n","protected":false},"excerpt":{"rendered":"<p>Coaching G\u00e9n\u00e9ratif Le coaching g\u00e9n\u00e9ratif consiste \u00e0 accompagner l\u2019\u00e9volution des personnes dans la r\u00e9alisation de r\u00e9sultats compl\u00e8tement nouveaux,\u00a0 bien au del\u00e0 de ce qui est attendu ou imagin\u00e9. Il en r\u00e9sulte des changements profonds mani\u00e8re de penser, de ressentir, de r\u00e9agir, qui permettent d&rsquo;exprimer un potentiel jusque l\u00e0 ignor\u00e9, d&rsquo;innover,<a href=\"http:\/\/coach-manager.eu\/?page_id=138\" class=\"read-more\">lire la suite&#8230;<\/a><\/p>\n","protected":false},"author":3,"featured_media":0,"parent":10,"menu_order":10,"comment_status":"closed","ping_status":"closed","template":"","meta":{"spay_email":"","footnotes":""},"class_list":["post-138","page","type-page","status-publish","hentry"],"jetpack_shortlink":"https:\/\/wp.me\/P5fxaG-2e","jetpack_sharing_enabled":true,"_links":{"self":[{"href":"http:\/\/coach-manager.eu\/index.php?rest_route=\/wp\/v2\/pages\/138","targetHints":{"allow":["GET"]}}],"collection":[{"href":"http:\/\/coach-manager.eu\/index.php?rest_route=\/wp\/v2\/pages"}],"about":[{"href":"http:\/\/coach-manager.eu\/index.php?rest_route=\/wp\/v2\/types\/page"}],"author":[{"embeddable":true,"href":"http:\/\/coach-manager.eu\/index.php?rest_route=\/wp\/v2\/users\/3"}],"replies":[{"embeddable":true,"href":"http:\/\/coach-manager.eu\/index.php?rest_route=%2Fwp%2Fv2%2Fcomments&post=138"}],"version-history":[{"count":0,"href":"http:\/\/coach-manager.eu\/index.php?rest_route=\/wp\/v2\/pages\/138\/revisions"}],"up":[{"embeddable":true,"href":"http:\/\/coach-manager.eu\/index.php?rest_route=\/wp\/v2\/pages\/10"}],"wp:attachment":[{"href":"http:\/\/coach-manager.eu\/index.php?rest_route=%2Fwp%2Fv2%2Fmedia&parent=138"}],"curies":[{"name":"wp","href":"https:\/\/api.w.org\/{rel}","templated":true}]}}