{"id":145,"date":"2013-06-14T15:52:27","date_gmt":"2013-06-14T13:52:27","guid":{"rendered":"http:\/\/coach-manager.fr\/blog1\/?page_id=145"},"modified":"2013-06-14T15:52:27","modified_gmt":"2013-06-14T13:52:27","slug":"coaching-systemique","status":"publish","type":"page","link":"http:\/\/coach-manager.eu\/?page_id=145","title":{"rendered":"Coaching Syst\u00e9mique"},"content":{"rendered":"<p>Le coach syst\u00e9mique s&rsquo;attache \u00e0 accompagner la personne ou l&rsquo;\u00e9quipe en observant le fonctionnement du syst\u00e8me.<\/p>\n<table>\n<tbody>\n<tr>\n<td><a href=\"http:\/\/coach-manager.eu\/wp-content\/uploads\/2014\/02\/engre_19365853_red1.jpg\"><img loading=\"lazy\" decoding=\"async\" class=\"alignnone size-full wp-image-503\" src=\"http:\/\/coach-manager.eu\/wp-content\/uploads\/2014\/02\/engre_19365853_red1.jpg\" alt=\"Clock Mechanism\" width=\"200\" height=\"100\" \/><\/a><\/td>\n<td>Ce qui caract\u00e9rise le syst\u00e8me, ce sont ses interfaces op\u00e9rationnelles.<\/p>\n<p>C&rsquo;est donc sur l&rsquo;am\u00e9lioration de la performance de ces interfaces, et sur la capacit\u00e9 du syst\u00e8me \u00e0 les auto-am\u00e9liorer que porte le coaching.<\/td>\n<\/tr>\n<tr>\n<td><\/td>\n<td><\/td>\n<\/tr>\n<\/tbody>\n<\/table>\n<p>&nbsp;<\/p>\n<p>Le but est de parvenir un un syst\u00e8me qui adapte ses interfaces op\u00e9rationnelles aux conditions et obstacles qu&rsquo;il rencontre.<\/p>\n","protected":false},"excerpt":{"rendered":"<p>Le coach syst\u00e9mique s&rsquo;attache \u00e0 accompagner la personne ou l&rsquo;\u00e9quipe en observant le fonctionnement du syst\u00e8me. Ce qui caract\u00e9rise le syst\u00e8me, ce sont ses interfaces op\u00e9rationnelles. C&rsquo;est donc sur l&rsquo;am\u00e9lioration de la performance de ces interfaces, et sur la capacit\u00e9 du syst\u00e8me \u00e0 les auto-am\u00e9liorer que porte le coaching. &nbsp;<a href=\"http:\/\/coach-manager.eu\/?page_id=145\" class=\"read-more\">lire la suite&#8230;<\/a><\/p>\n","protected":false},"author":3,"featured_media":0,"parent":10,"menu_order":40,"comment_status":"open","ping_status":"closed","template":"","meta":{"spay_email":"","footnotes":""},"class_list":["post-145","page","type-page","status-publish","hentry"],"jetpack_shortlink":"https:\/\/wp.me\/P5fxaG-2l","jetpack_sharing_enabled":true,"_links":{"self":[{"href":"http:\/\/coach-manager.eu\/index.php?rest_route=\/wp\/v2\/pages\/145","targetHints":{"allow":["GET"]}}],"collection":[{"href":"http:\/\/coach-manager.eu\/index.php?rest_route=\/wp\/v2\/pages"}],"about":[{"href":"http:\/\/coach-manager.eu\/index.php?rest_route=\/wp\/v2\/types\/page"}],"author":[{"embeddable":true,"href":"http:\/\/coach-manager.eu\/index.php?rest_route=\/wp\/v2\/users\/3"}],"replies":[{"embeddable":true,"href":"http:\/\/coach-manager.eu\/index.php?rest_route=%2Fwp%2Fv2%2Fcomments&post=145"}],"version-history":[{"count":0,"href":"http:\/\/coach-manager.eu\/index.php?rest_route=\/wp\/v2\/pages\/145\/revisions"}],"up":[{"embeddable":true,"href":"http:\/\/coach-manager.eu\/index.php?rest_route=\/wp\/v2\/pages\/10"}],"wp:attachment":[{"href":"http:\/\/coach-manager.eu\/index.php?rest_route=%2Fwp%2Fv2%2Fmedia&parent=145"}],"curies":[{"name":"wp","href":"https:\/\/api.w.org\/{rel}","templated":true}]}}