{"id":221,"date":"2013-10-07T23:55:33","date_gmt":"2013-10-07T21:55:33","guid":{"rendered":"http:\/\/coach-manager.fr\/blog1\/?page_id=221"},"modified":"2013-10-07T23:55:33","modified_gmt":"2013-10-07T21:55:33","slug":"talents-insights","status":"publish","type":"page","link":"http:\/\/coach-manager.eu\/?page_id=221","title":{"rendered":"Talents Insights"},"content":{"rendered":"<p>Talents Insights est la fusion au sein d&rsquo;un m\u00eame rapport des profils DISC et WPMOT.<\/p>\n<p>&nbsp;<\/p>\n<p>C&rsquo;est la base pour mieux se connaitre, se comprendre, s&rsquo;appr\u00e9cier, et donc mieux appr\u00e9hender et appr\u00e9cier les autres.<\/p>\n<p>Indispensable pour les managers, responsables, commerciaux, m\u00e9diateurs, comit\u00e9s de direction&#8230;<\/p>\n","protected":false},"excerpt":{"rendered":"<p>Talents Insights est la fusion au sein d&rsquo;un m\u00eame rapport des profils DISC et WPMOT. &nbsp; C&rsquo;est la base pour mieux se connaitre, se comprendre, s&rsquo;appr\u00e9cier, et donc mieux appr\u00e9hender et appr\u00e9cier les autres. Indispensable pour les managers, responsables, commerciaux, m\u00e9diateurs, comit\u00e9s de direction&#8230;<\/p>\n","protected":false},"author":3,"featured_media":0,"parent":77,"menu_order":30,"comment_status":"open","ping_status":"open","template":"","meta":{"spay_email":"","footnotes":""},"class_list":["post-221","page","type-page","status-publish","hentry"],"jetpack_shortlink":"https:\/\/wp.me\/P5fxaG-3z","jetpack_sharing_enabled":true,"_links":{"self":[{"href":"http:\/\/coach-manager.eu\/index.php?rest_route=\/wp\/v2\/pages\/221","targetHints":{"allow":["GET"]}}],"collection":[{"href":"http:\/\/coach-manager.eu\/index.php?rest_route=\/wp\/v2\/pages"}],"about":[{"href":"http:\/\/coach-manager.eu\/index.php?rest_route=\/wp\/v2\/types\/page"}],"author":[{"embeddable":true,"href":"http:\/\/coach-manager.eu\/index.php?rest_route=\/wp\/v2\/users\/3"}],"replies":[{"embeddable":true,"href":"http:\/\/coach-manager.eu\/index.php?rest_route=%2Fwp%2Fv2%2Fcomments&post=221"}],"version-history":[{"count":0,"href":"http:\/\/coach-manager.eu\/index.php?rest_route=\/wp\/v2\/pages\/221\/revisions"}],"up":[{"embeddable":true,"href":"http:\/\/coach-manager.eu\/index.php?rest_route=\/wp\/v2\/pages\/77"}],"wp:attachment":[{"href":"http:\/\/coach-manager.eu\/index.php?rest_route=%2Fwp%2Fv2%2Fmedia&parent=221"}],"curies":[{"name":"wp","href":"https:\/\/api.w.org\/{rel}","templated":true}]}}