{"id":41,"date":"2012-10-07T00:10:53","date_gmt":"2012-10-06T22:10:53","guid":{"rendered":"http:\/\/coach-manager.fr\/blog1\/?page_id=41"},"modified":"2012-10-07T00:10:53","modified_gmt":"2012-10-06T22:10:53","slug":"manager","status":"publish","type":"page","link":"http:\/\/coach-manager.eu\/?page_id=41","title":{"rendered":"Le Management"},"content":{"rendered":"<p><strong>Manager et motiver ses collaborateurs<\/strong><\/p>\n<table style=\"height: 230px;\" width=\"671\">\n<tbody>\n<tr>\n<td colspan=\"2\">\n<p style=\"text-align: center;\"><strong><em>Les deux choses les plus importantes n&rsquo;apparaissent pas au bilan\u00a0 de l&rsquo;entreprise : <\/em><\/strong><\/p>\n<p style=\"text-align: center;\"><strong><em>sa r\u00e9putation et ses Hommes <\/em><\/strong><\/p>\n<p style=\"text-align: center;\"><strong><em>(Henry FORD)<\/em><\/strong><\/p>\n<\/td>\n<\/tr>\n<tr>\n<td><strong>Manager, c\u2019est quoi ?<\/strong><\/p>\n<p>Manager, c\u2019est l\u2019art de guider une organisation vers un but, un objectif avec un cas id\u00e9al : toutes les parties prenantes (entreprise, salari\u00e9s, clients, environnement\u2026) doivent en tirer satisfaction et b\u00e9n\u00e9fice. Manager, c&rsquo;est comment faire faire&#8230;<\/p>\n<p>Comment faire tourner, ensemble, tous mes engrenages.<\/td>\n<td><a href=\"http:\/\/coach-manager.eu\/wp-content\/uploads\/2014\/07\/Fotolia_33747166_S1.jpg\"><img loading=\"lazy\" decoding=\"async\" class=\"aligncenter wp-image-852 size-medium\" src=\"http:\/\/coach-manager.eu\/wp-content\/uploads\/2014\/07\/Fotolia_33747166_S1-300x229.jpg\" alt=\"coach-manager travailler ensemble\" width=\"300\" height=\"229\" srcset=\"http:\/\/coach-manager.eu\/wp-content\/uploads\/2014\/07\/Fotolia_33747166_S1-300x229.jpg 300w, http:\/\/coach-manager.eu\/wp-content\/uploads\/2014\/07\/Fotolia_33747166_S1-600x459.jpg 600w, http:\/\/coach-manager.eu\/wp-content\/uploads\/2014\/07\/Fotolia_33747166_S1.jpg 792w\" sizes=\"auto, (max-width: 300px) 100vw, 300px\" \/><\/a><\/td>\n<\/tr>\n<tr>\n<td colspan=\"2\"><strong><strong>Comment ?<\/strong><br \/>\nFaire travailler ensemble impose de soigner les interactions, et les outils sont nombreux : le sens, les objectifs individuels et collectifs, la motivation, la connaissance de soi et de l\u2019autre\u2026<\/strong><\/td>\n<\/tr>\n<tr>\n<td colspan=\"2\">\n<p style=\"text-align: center;\"><strong><strong><em>Rien n\u2019est permanent sauf le changement (H\u00e9raclite d\u2019Eph\u00e8se ~500 avjc)<\/em><\/strong><\/strong><\/p>\n<\/td>\n<\/tr>\n<tr>\n<td><a href=\"http:\/\/coach-manager.eu\/wp-content\/uploads\/2014\/02\/engre_19365853_red1.jpg\"><img loading=\"lazy\" decoding=\"async\" class=\"aligncenter wp-image-503 size-full\" src=\"http:\/\/coach-manager.eu\/wp-content\/uploads\/2014\/02\/engre_19365853_red1.jpg\" alt=\"coach-manager coaching syst\u00e9mique\" width=\"200\" height=\"100\" \/><\/a><\/td>\n<td>\n<p style=\"text-align: left;\">Aujourd\u2019hui, le <strong>changement<\/strong> est toujours <strong>permanent,<\/strong> mais les changements sont plus <strong>rapides<\/strong> et plus <strong>intenses.<\/strong><\/p>\n<p style=\"text-align: left;\">En 30 ans le management est pass\u00e9 d\u2019un syst\u00e8me de type roi soleil qui domine tout, maitrise tout et m\u00e8ne des ex\u00e9cutants isol\u00e9s de leur environnement ext\u00e9rieur \u00e0 la baguette \u00e0 un syst\u00e8me o\u00f9 la base en sait plus que sa hi\u00e9rarchie dans sa sp\u00e9cialit\u00e9, et o\u00f9 l\u2019entreprise et l\u2019ext\u00e9rieur n\u2019ont jamais \u00e9t\u00e9 aussi imbriqu\u00e9s.<\/p>\n<p style=\"text-align: left;\">Chaque fois qu\u2019une id\u00e9e de management a \u00e9t\u00e9 bonne, des \u00e2mes charitables ont essay\u00e9 (et r\u00e9ussi) \u00e0 la th\u00e9oriser et la g\u00e9n\u00e9raliser.\u00a0 Mais, souvent, une bonne id\u00e9e est une mauvaise th\u00e9orie.<\/p>\n<\/td>\n<\/tr>\n<tr>\n<td colspan=\"2\">\n<p style=\"text-align: left;\"><strong>Fiable et Agile<\/strong><\/p>\n<p style=\"text-align: left;\">Le d\u00e9fi du manager est d\u2019\u00eatre, en permanence, porteur de sens, garant des objectifs de l\u2019entreprise, et champion de l\u2019adaptabilit\u00e9.<\/p>\n<p style=\"text-align: left;\">C\u2019est dans ce contexte que notre accompagnement du manager prend tout son sens.<\/p>\n<\/td>\n<\/tr>\n<\/tbody>\n<\/table>\n<p>&nbsp;<\/p>\n<p>&nbsp;<\/p>\n<p>&nbsp;<\/p>\n<p>&nbsp;<\/p>\n","protected":false},"excerpt":{"rendered":"<p>Manager et motiver ses collaborateurs Les deux choses les plus importantes n&rsquo;apparaissent pas au bilan\u00a0 de l&rsquo;entreprise : sa r\u00e9putation et ses Hommes (Henry FORD) Manager, c\u2019est quoi ? Manager, c\u2019est l\u2019art de guider une organisation vers un but, un objectif avec un cas id\u00e9al : toutes les parties prenantes<a href=\"http:\/\/coach-manager.eu\/?page_id=41\" class=\"read-more\">lire la suite&#8230;<\/a><\/p>\n","protected":false},"author":3,"featured_media":0,"parent":1170,"menu_order":40,"comment_status":"open","ping_status":"open","template":"","meta":{"spay_email":"","footnotes":""},"class_list":["post-41","page","type-page","status-publish","hentry"],"jetpack_shortlink":"https:\/\/wp.me\/P5fxaG-F","jetpack_sharing_enabled":true,"_links":{"self":[{"href":"http:\/\/coach-manager.eu\/index.php?rest_route=\/wp\/v2\/pages\/41","targetHints":{"allow":["GET"]}}],"collection":[{"href":"http:\/\/coach-manager.eu\/index.php?rest_route=\/wp\/v2\/pages"}],"about":[{"href":"http:\/\/coach-manager.eu\/index.php?rest_route=\/wp\/v2\/types\/page"}],"author":[{"embeddable":true,"href":"http:\/\/coach-manager.eu\/index.php?rest_route=\/wp\/v2\/users\/3"}],"replies":[{"embeddable":true,"href":"http:\/\/coach-manager.eu\/index.php?rest_route=%2Fwp%2Fv2%2Fcomments&post=41"}],"version-history":[{"count":0,"href":"http:\/\/coach-manager.eu\/index.php?rest_route=\/wp\/v2\/pages\/41\/revisions"}],"up":[{"embeddable":true,"href":"http:\/\/coach-manager.eu\/index.php?rest_route=\/wp\/v2\/pages\/1170"}],"wp:attachment":[{"href":"http:\/\/coach-manager.eu\/index.php?rest_route=%2Fwp%2Fv2%2Fmedia&parent=41"}],"curies":[{"name":"wp","href":"https:\/\/api.w.org\/{rel}","templated":true}]}}