{"id":526,"date":"2014-03-12T14:52:50","date_gmt":"2014-03-12T13:52:50","guid":{"rendered":"http:\/\/coach-manager.fr\/?page_id=526"},"modified":"2014-03-12T14:52:50","modified_gmt":"2014-03-12T13:52:50","slug":"management","status":"publish","type":"page","link":"http:\/\/coach-manager.eu\/?page_id=526","title":{"rendered":"Management"},"content":{"rendered":"<p><strong>Appr\u00e9cier &amp; valoriser le Capital Humain<\/strong><\/p>\n<p>La mise en \u0153uvre des changements impose de prendre en compte le \u00ab\u00a0syst\u00e8me\u00a0\u00bb dans sa globalit\u00e9. Une entreprise, un groupe, une \u00e9quipe sont autant de \u00ab\u00a0syst\u00e8mes\u00a0\u00bb.<\/p>\n<table>\n<tbody>\n<tr>\n<td><img loading=\"lazy\" decoding=\"async\" class=\"alignnone size-medium wp-image-864\" src=\"http:\/\/coach-manager.eu\/wp-content\/uploads\/2014\/07\/Fotolia_58490129_S1-300x200.jpg\" alt=\"Composite image of unsmiling asian businessman pointing\" width=\"300\" height=\"200\" srcset=\"http:\/\/coach-manager.eu\/wp-content\/uploads\/2014\/07\/Fotolia_58490129_S1-300x200.jpg 300w, http:\/\/coach-manager.eu\/wp-content\/uploads\/2014\/07\/Fotolia_58490129_S1-600x400.jpg 600w, http:\/\/coach-manager.eu\/wp-content\/uploads\/2014\/07\/Fotolia_58490129_S1.jpg 849w\" sizes=\"auto, (max-width: 300px) 100vw, 300px\" \/><\/td>\n<td>Les interactions entre les membres du syst\u00e8me sont aussi importantes que les membres eux-m\u00eames. Les membres les plus importants de votre entreprise sont les individus qui la composent.<\/td>\n<\/tr>\n<tr>\n<td>Voil\u00e0 pourquoi, Coach-Manager s\u2019int\u00e9resse \u00e0 eux, \u00e0 leur mode de fonctionnement, \u00e0 leur mode de relation et de communication, \u00e0 leurs facteurs de motivation, \u00e0 leurs talents.<\/p>\n<p>Notre certitude :<\/p>\n<p>Mieux travailler ensemble et avoir toujours la bonne personne au bon endroit au bon moment est encore la meilleure fa\u00e7on de s&rsquo;assurer la r\u00e9ussite.<\/td>\n<td><img loading=\"lazy\" decoding=\"async\" class=\"alignnone size-medium wp-image-845\" src=\"http:\/\/coach-manager.eu\/wp-content\/uploads\/2014\/07\/Fotolia_21061399_XS1-225x300.jpg\" alt=\"3D men helping to climb\" width=\"225\" height=\"300\" srcset=\"http:\/\/coach-manager.eu\/wp-content\/uploads\/2014\/07\/Fotolia_21061399_XS1-225x300.jpg 225w, http:\/\/coach-manager.eu\/wp-content\/uploads\/2014\/07\/Fotolia_21061399_XS1.jpg 300w\" sizes=\"auto, (max-width: 225px) 100vw, 225px\" \/><\/td>\n<\/tr>\n<\/tbody>\n<\/table>\n<p>&nbsp;<\/p>\n<p>&nbsp;<\/p>\n<p>Coach-Manager s\u2019appuie sur des grilles de lecture, des cadres de r\u00e9f\u00e9rence pour identifier le mode de fonctionnement de son client, clarifier les situations, et ainsi accompagner efficacement tout en pr\u00e9servant la s\u00e9curit\u00e9 des personnes et des \u00e9quipes.<\/p>\n<p><strong>C\u2019est en ce sens que les outils de diagnostic\u00a0 apportent pertinence, objectivit\u00e9, pr\u00e9cision \u00e0 nos actions.<\/strong><\/p>\n<p>Le management comportemental, c\u2019est prendre conscience des forces et faiblesses d\u2019une \u00e9quipe (direction, management, associ\u00e9s) dans le domaine \u00e9motionnel et relationnel.<\/p>\n<p>C\u2019est accepter de faire un \u00e9tat des lieux des interactions pour faire progresser les qualit\u00e9s et les compl\u00e9mentarit\u00e9s de chacun. C\u2019est reconnaitre qu\u2019il n\u2019y a pas de bon ou de mauvais profils, simplement la n\u00e9cessit\u00e9 de se comprendre et de s\u2019accepter.<\/p>\n<p>Coach-Manager apporte le regard ext\u00e9rieur et expert qui facilite cette d\u00e9marche de progr\u00e8s.<\/p>\n","protected":false},"excerpt":{"rendered":"<p>Appr\u00e9cier &amp; valoriser le Capital Humain La mise en \u0153uvre des changements impose de prendre en compte le \u00ab\u00a0syst\u00e8me\u00a0\u00bb dans sa globalit\u00e9. Une entreprise, un groupe, une \u00e9quipe sont autant de \u00ab\u00a0syst\u00e8mes\u00a0\u00bb. Les interactions entre les membres du syst\u00e8me sont aussi importantes que les membres eux-m\u00eames. Les membres les plus<a href=\"http:\/\/coach-manager.eu\/?page_id=526\" class=\"read-more\">lire la suite&#8230;<\/a><\/p>\n","protected":false},"author":2,"featured_media":0,"parent":0,"menu_order":0,"comment_status":"open","ping_status":"open","template":"","meta":{"spay_email":"","footnotes":""},"class_list":["post-526","page","type-page","status-publish","hentry"],"jetpack_shortlink":"https:\/\/wp.me\/P5fxaG-8u","jetpack_sharing_enabled":true,"_links":{"self":[{"href":"http:\/\/coach-manager.eu\/index.php?rest_route=\/wp\/v2\/pages\/526","targetHints":{"allow":["GET"]}}],"collection":[{"href":"http:\/\/coach-manager.eu\/index.php?rest_route=\/wp\/v2\/pages"}],"about":[{"href":"http:\/\/coach-manager.eu\/index.php?rest_route=\/wp\/v2\/types\/page"}],"author":[{"embeddable":true,"href":"http:\/\/coach-manager.eu\/index.php?rest_route=\/wp\/v2\/users\/2"}],"replies":[{"embeddable":true,"href":"http:\/\/coach-manager.eu\/index.php?rest_route=%2Fwp%2Fv2%2Fcomments&post=526"}],"version-history":[{"count":0,"href":"http:\/\/coach-manager.eu\/index.php?rest_route=\/wp\/v2\/pages\/526\/revisions"}],"wp:attachment":[{"href":"http:\/\/coach-manager.eu\/index.php?rest_route=%2Fwp%2Fv2%2Fmedia&parent=526"}],"curies":[{"name":"wp","href":"https:\/\/api.w.org\/{rel}","templated":true}]}}