{"id":538,"date":"2014-03-13T17:02:50","date_gmt":"2014-03-13T16:02:50","guid":{"rendered":"http:\/\/coach-manager.fr\/?page_id=538"},"modified":"2014-03-13T17:02:50","modified_gmt":"2014-03-13T16:02:50","slug":"le-recrutement","status":"publish","type":"page","link":"http:\/\/coach-manager.eu\/?page_id=538","title":{"rendered":"Le Recrutement"},"content":{"rendered":"<p style=\"text-align: center;\"><strong>Ce que nous apportons \u00e0 nos clients est plus qu&rsquo;un catalogue de savoir-faire, des fiches recette ou des potions&#8230;<\/strong><br \/>\n<strong> Ce que nous apportons \u00e0 nos clients, c&rsquo;est une nouvelle dimension dans le recrutement<\/strong><\/p>\n<h5><\/h5>\n<p>Enjeu important pour toute organisation, le recrutement est v\u00e9cu comme un passage oblig\u00e9 par le dirigeant qui n&rsquo;est pas tr\u00e8s \u00e0 l&rsquo;aise avec ce processus risqu\u00e9.<\/p>\n<table style=\"height: 205px;\" width=\"667\">\n<tbody>\n<tr>\n<td colspan=\"2\"><a href=\"http:\/\/coach-manager.eu\/wp-content\/uploads\/2014\/02\/engre_19365853_red1.jpg\"><img loading=\"lazy\" decoding=\"async\" class=\"alignnone  wp-image-503\" src=\"http:\/\/coach-manager.eu\/wp-content\/uploads\/2014\/02\/engre_19365853_red1.jpg\" alt=\"Clock Mechanism\" width=\"348\" height=\"174\" \/><\/a><\/td>\n<td>Contraint de faire avec les moyens du bord, les outils \u00e0 la disposition du dirigeant sont souvent\u00a0 limit\u00e9s \u00e0 son ressenti et \u00e0 la liste des comp\u00e9tences et exp\u00e9riences\u00a0 du candidat.<\/p>\n<p>La tendance naturelle est alors de recruter le candidat comp\u00e9tent qui lui ressemble, quand il aurait aim\u00e9 trouver la pi\u00e8ce manquante au \u00ab\u00a0puzzle\u00a0\u00bb qu&rsquo;est son \u00e9quipe.<\/td>\n<\/tr>\n<\/tbody>\n<\/table>\n<p>&nbsp;<\/p>\n<p>C&rsquo;est pourquoi Coach-Manager propose une approche innovante et \u00e9prouv\u00e9e bas\u00e9e sur les pr\u00e9f\u00e9rences comportementales et les facteurs de motivation de l&rsquo;\u00e9quipe, du poste, et du candidat en 3 phases :<\/p>\n<p style=\"padding-left: 210px;\">1. <a href=\"http:\/\/coach-manager.fr\/?p=669\">Pr\u00e9parer<\/a><\/p>\n<p style=\"padding-left: 210px;\">2. <a href=\"http:\/\/coach-manager.fr\/?p=672\">Recruter<\/a><\/p>\n<p style=\"padding-left: 210px;\">3. <a href=\"http:\/\/coach-manager.fr\/?p=677\">Int\u00e9grer, Accompagner<\/a><\/p>\n<table style=\"height: 205px;\" width=\"667\">\n<tbody>\n<tr>\n<td>L&rsquo;essentiel :<\/td>\n<td colspan=\"2\"><\/td>\n<\/tr>\n<tr>\n<td>\u00a0<a href=\"http:\/\/coach-manager.eu\/wp-content\/uploads\/2014\/03\/crayonsv1.png\"><img loading=\"lazy\" decoding=\"async\" class=\"alignnone  wp-image-667\" src=\"http:\/\/coach-manager.eu\/wp-content\/uploads\/2014\/03\/crayonsv1-199x300.png\" alt=\"crayonsv\" width=\"120\" height=\"181\" srcset=\"http:\/\/coach-manager.eu\/wp-content\/uploads\/2014\/03\/crayonsv1-199x300.png 199w, http:\/\/coach-manager.eu\/wp-content\/uploads\/2014\/03\/crayonsv1.png 200w\" sizes=\"auto, (max-width: 120px) 100vw, 120px\" \/><\/a><\/td>\n<td colspan=\"2\">Avoir une vision objective du poste \u00e0 pourvoir et des qualit\u00e9s du candidat<br \/>\nChoisir en connaissance de cause le profil qu&rsquo;il me faut et non celui qui me ressemble<br \/>\nOptimiser les interactions afin de fluidifier les relations<br \/>\nGagner du temps<br \/>\nMaximiser les chances de r\u00e9ussite<\/td>\n<\/tr>\n<\/tbody>\n<\/table>\n","protected":false},"excerpt":{"rendered":"<p>Ce que nous apportons \u00e0 nos clients est plus qu&rsquo;un catalogue de savoir-faire, des fiches recette ou des potions&#8230; Ce que nous apportons \u00e0 nos clients, c&rsquo;est une nouvelle dimension dans le recrutement Enjeu important pour toute organisation, le recrutement est v\u00e9cu comme un passage oblig\u00e9 par le dirigeant qui<a href=\"http:\/\/coach-manager.eu\/?page_id=538\" class=\"read-more\">lire la suite&#8230;<\/a><\/p>\n","protected":false},"author":2,"featured_media":0,"parent":0,"menu_order":0,"comment_status":"open","ping_status":"open","template":"","meta":{"spay_email":"","footnotes":""},"class_list":["post-538","page","type-page","status-publish","hentry"],"jetpack_shortlink":"https:\/\/wp.me\/P5fxaG-8G","jetpack_sharing_enabled":true,"_links":{"self":[{"href":"http:\/\/coach-manager.eu\/index.php?rest_route=\/wp\/v2\/pages\/538","targetHints":{"allow":["GET"]}}],"collection":[{"href":"http:\/\/coach-manager.eu\/index.php?rest_route=\/wp\/v2\/pages"}],"about":[{"href":"http:\/\/coach-manager.eu\/index.php?rest_route=\/wp\/v2\/types\/page"}],"author":[{"embeddable":true,"href":"http:\/\/coach-manager.eu\/index.php?rest_route=\/wp\/v2\/users\/2"}],"replies":[{"embeddable":true,"href":"http:\/\/coach-manager.eu\/index.php?rest_route=%2Fwp%2Fv2%2Fcomments&post=538"}],"version-history":[{"count":0,"href":"http:\/\/coach-manager.eu\/index.php?rest_route=\/wp\/v2\/pages\/538\/revisions"}],"wp:attachment":[{"href":"http:\/\/coach-manager.eu\/index.php?rest_route=%2Fwp%2Fv2%2Fmedia&parent=538"}],"curies":[{"name":"wp","href":"https:\/\/api.w.org\/{rel}","templated":true}]}}