{"id":549,"date":"2014-03-13T17:07:50","date_gmt":"2014-03-13T16:07:50","guid":{"rendered":"http:\/\/coach-manager.fr\/?page_id=549"},"modified":"2014-03-13T17:07:50","modified_gmt":"2014-03-13T16:07:50","slug":"les-projets","status":"publish","type":"page","link":"http:\/\/coach-manager.eu\/?page_id=549","title":{"rendered":"Les projets"},"content":{"rendered":"<p><strong>Enjeu de toute organisation, la vision du dirigeant doit se d\u00e9cliner en projets, le projet majeur \u00e9tant le projet d\u2019entreprise, c\u2019est aussi le plus difficile \u00e0 mettre en \u0153uvre d\u00e8s lors que cette vision qui anime le dirigeant n\u2019est pas partag\u00e9e par l\u2019ensemble des acteurs de l\u2019entreprise ou du projet.<\/strong><\/p>\n<p>Contraint de \u00ab faire \u00bb souvent avec les moyens du bord, le chef d\u2019entreprise manage en r\u00e9action du quotidien au lieu d\u2019int\u00e9grer en amont les collaborateurs \u00e0 ses projets.<\/p>\n<table>\n<tbody>\n<tr>\n<td>Les difficult\u00e9s habituelles sont :<\/p>\n<ul>\n<li>Le scepticisme de la base qui attend du concret rapidement et n\u2019accorde, \u00e0 priori peu ou, pas de cr\u00e9dit aux \u00ab grandes intentions \u00bb.<\/li>\n<li>La contradiction potentielle entre la volont\u00e9 strat\u00e9gique et les moyens disponibles ou allou\u00e9s&#8230;&#8230;.<\/li>\n<li>L\u2019\u00e9quilibre \u00e0 trouver entre la n\u00e9cessit\u00e9 de cadrer les contributions des collaborateurs et la volont\u00e9 de ne pas censurer.<\/li>\n<\/ul>\n<\/td>\n<td><a href=\"http:\/\/coach-manager.eu\/wp-content\/uploads\/2014\/07\/Fotolia_53597186_S1.jpg\"><img loading=\"lazy\" decoding=\"async\" class=\"alignnone size-medium wp-image-861\" src=\"http:\/\/coach-manager.eu\/wp-content\/uploads\/2014\/07\/Fotolia_53597186_S1-300x215.jpg\" alt=\"strategy\" width=\"300\" height=\"215\" srcset=\"http:\/\/coach-manager.eu\/wp-content\/uploads\/2014\/07\/Fotolia_53597186_S1-300x215.jpg 300w, http:\/\/coach-manager.eu\/wp-content\/uploads\/2014\/07\/Fotolia_53597186_S1-600x432.jpg 600w, http:\/\/coach-manager.eu\/wp-content\/uploads\/2014\/07\/Fotolia_53597186_S1.jpg 817w\" sizes=\"auto, (max-width: 300px) 100vw, 300px\" \/><\/a><\/td>\n<\/tr>\n<\/tbody>\n<\/table>\n<p>&nbsp;<\/p>\n<p>Coach-Manager propose une approche innovante et \u00e9prouv\u00e9e bas\u00e9e sur les pr\u00e9f\u00e9rences comportementales et les ancrages \u00e9nerg\u00e9tiques.<\/p>\n<ul>\n<li>Cette d\u00e9marche permet \u00e0 chaque acteur du projet d\u2019avoir une vraie connaissance de l\u2019entreprise et de son environnement.<\/li>\n<li>La prise en compte des facteurs humains dans des projets de changement.<\/li>\n<li>La d\u00e9finition des r\u00e8gles de fonctionnement, le partage de la vision, l\u2019\u00e9coute du retour des collaborateurs et la clarification des r\u00f4les au sein du projet.<\/li>\n<li>Un plan d\u2019ex\u00e9cution affich\u00e9, un suivi r\u00e9gulier dans la mise ne oeuvre.<\/li>\n<li>Une volont\u00e9 claire du dirigeant qui se traduit en terme d\u2019implication et de visibilit\u00e9,<\/li>\n<li>Une place r\u00e9elle accord\u00e9e au management interm\u00e9diaire.<\/li>\n<\/ul>\n<p>Plus qu\u2019un catalogue de savoir-faire et de \u00ab fiches recettes \u00bb, nous transf\u00e9rons \u00e0 nos clients une approche nouvelle de la gestion des projets.<\/p>\n","protected":false},"excerpt":{"rendered":"<p>Enjeu de toute organisation, la vision du dirigeant doit se d\u00e9cliner en projets, le projet majeur \u00e9tant le projet d\u2019entreprise, c\u2019est aussi le plus difficile \u00e0 mettre en \u0153uvre d\u00e8s lors que cette vision qui anime le dirigeant n\u2019est pas partag\u00e9e par l\u2019ensemble des acteurs de l\u2019entreprise ou du projet.<a href=\"http:\/\/coach-manager.eu\/?page_id=549\" class=\"read-more\">lire la suite&#8230;<\/a><\/p>\n","protected":false},"author":2,"featured_media":0,"parent":0,"menu_order":0,"comment_status":"open","ping_status":"open","template":"","meta":{"spay_email":"","footnotes":""},"class_list":["post-549","page","type-page","status-publish","hentry"],"jetpack_shortlink":"https:\/\/wp.me\/P5fxaG-8R","jetpack_sharing_enabled":true,"_links":{"self":[{"href":"http:\/\/coach-manager.eu\/index.php?rest_route=\/wp\/v2\/pages\/549","targetHints":{"allow":["GET"]}}],"collection":[{"href":"http:\/\/coach-manager.eu\/index.php?rest_route=\/wp\/v2\/pages"}],"about":[{"href":"http:\/\/coach-manager.eu\/index.php?rest_route=\/wp\/v2\/types\/page"}],"author":[{"embeddable":true,"href":"http:\/\/coach-manager.eu\/index.php?rest_route=\/wp\/v2\/users\/2"}],"replies":[{"embeddable":true,"href":"http:\/\/coach-manager.eu\/index.php?rest_route=%2Fwp%2Fv2%2Fcomments&post=549"}],"version-history":[{"count":0,"href":"http:\/\/coach-manager.eu\/index.php?rest_route=\/wp\/v2\/pages\/549\/revisions"}],"wp:attachment":[{"href":"http:\/\/coach-manager.eu\/index.php?rest_route=%2Fwp%2Fv2%2Fmedia&parent=549"}],"curies":[{"name":"wp","href":"https:\/\/api.w.org\/{rel}","templated":true}]}}