{"id":557,"date":"2014-03-13T17:25:03","date_gmt":"2014-03-13T16:25:03","guid":{"rendered":"http:\/\/coach-manager.fr\/?page_id=557"},"modified":"2014-03-13T17:25:03","modified_gmt":"2014-03-13T16:25:03","slug":"management-de-transition","status":"publish","type":"page","link":"http:\/\/coach-manager.eu\/?page_id=557","title":{"rendered":"Management de transition"},"content":{"rendered":"<h1>Le management de transition, c&rsquo;est quoi?<\/h1>\n<p>On entend parler des ce m\u00e9tier depuis une dizaine d&rsquo;ann\u00e9es, et ces derni\u00e8res ann\u00e9es, la tendance s&rsquo;acc\u00e9l\u00e8re&#8230;<\/p>\n<p>Si le domaine de l&rsquo;executive-management est le plus d\u00e9velopp\u00e9, on peut y avoir recours \u00e0 tous les niveaux de responsabilit\u00e9 et d&rsquo;encadrement.<\/p>\n<p>Le management de transition, d&rsquo;une fa\u00e7on g\u00e9n\u00e9rale, c&rsquo;est faire appel \u00e0 un manager exp\u00e9riment\u00e9 et qualifi\u00e9 pour traiter une probl\u00e9matique difficile \u00e0 g\u00e9rer en interne.<\/p>\n<h1>Quand faire appel au management de transition ?<\/h1>\n<p>Les raisons de faire appel \u00e0 un manager de transition sont tr\u00e8s larges :<\/p>\n<ul>\n<li>\u00a0remplacement d&rsquo;un manager absent (int\u00e9rim, maternit\u00e9, maladie, ann\u00e9e sabbatique, formation de longue dur\u00e9e&#8230;)<\/li>\n<li>besoin ponctuel d&rsquo;un manager aux comp\u00e9tences sp\u00e9cifiques pour r\u00e9pondre \u00e0 un objectif sp\u00e9cifique<\/li>\n<li>gestion du changement<\/li>\n<li>&#8230;<\/li>\n<\/ul>\n<h1>Quels sont les avantages\u00a0 du manager de transition ?<\/h1>\n<p>Le premier avantage est que le manager de transition est \u00e9tranger \u00e0 l&rsquo;entreprise. Il en a donc, \u00e0 son arriv\u00e9e, une vision objective, et est ext\u00e9rieur aux clivages, rivalit\u00e9s, croyances qui peuvent exister.<\/p>\n<p>Le deuxi\u00e8me avantage est que le plus souvent, il n&rsquo;est pas salari\u00e9. Le co\u00fbt de sa prestation est donc parfaitement identifiable et mesurable. Il ne vient pas grossir la masse salariale.<\/p>\n<p>Le troisi\u00e8me avantage ? C\u00a0\u00bbest un manager d&rsquo;exp\u00e9rience, rompu au style de mission pour lequel on fait appel \u00e0 lui. Au fur et \u00e0 mesure de ses missions, il capitalise une v\u00e9ritable expertise, diversifi\u00e9e et ouverte de son m\u00e9tier. Il est donc op\u00e9rationnel imm\u00e9diatement.<\/p>\n<p>Le quatri\u00e8me est sa capacit\u00e9 \u00e0 s&rsquo;adapter aux diff\u00e9rentes structures pour lesquelles il travaille (taille, culture, organisation&#8230;) et \u00e0 pouvoir faire des apports transversaux de solutions et de r\u00e9flexions efficaces.<\/p>\n<h1>Quel est son principe d&rsquo;action ?<\/h1>\n<p>Le principe d&rsquo;action d&rsquo;un manager de transition est\u00a0 :<\/p>\n<ul>\n<li>effectuer une analyse-diagnostic<\/li>\n<li>\u00e9tablir un plan d&rsquo;action<\/li>\n<li>mettre en place et ex\u00e9cuter le plan d&rsquo;action<\/li>\n<li>Transmettre<\/li>\n<\/ul>\n<p>Coach-Manager peut vous aider \u00e0 d\u00e9finir votre besoin, \u00e0 cerner le profil de manager qui apportera le plus \u00e0 votre organisation. Et sur certains domaines bien sp\u00e9cifiques, certaines missions peuvent m\u00eame \u00eatre assur\u00e9es par nos consultants&#8230;<\/p>\n<p>&nbsp;<\/p>\n<p>&nbsp;<\/p>\n<p>&nbsp;<\/p>\n","protected":false},"excerpt":{"rendered":"<p>Le management de transition, c&rsquo;est quoi? On entend parler des ce m\u00e9tier depuis une dizaine d&rsquo;ann\u00e9es, et ces derni\u00e8res ann\u00e9es, la tendance s&rsquo;acc\u00e9l\u00e8re&#8230; Si le domaine de l&rsquo;executive-management est le plus d\u00e9velopp\u00e9, on peut y avoir recours \u00e0 tous les niveaux de responsabilit\u00e9 et d&rsquo;encadrement. Le management de transition, d&rsquo;une<a href=\"http:\/\/coach-manager.eu\/?page_id=557\" class=\"read-more\">lire la suite&#8230;<\/a><\/p>\n","protected":false},"author":2,"featured_media":0,"parent":0,"menu_order":0,"comment_status":"open","ping_status":"open","template":"","meta":{"spay_email":"","footnotes":""},"class_list":["post-557","page","type-page","status-publish","hentry"],"jetpack_shortlink":"https:\/\/wp.me\/P5fxaG-8Z","jetpack_sharing_enabled":true,"_links":{"self":[{"href":"http:\/\/coach-manager.eu\/index.php?rest_route=\/wp\/v2\/pages\/557","targetHints":{"allow":["GET"]}}],"collection":[{"href":"http:\/\/coach-manager.eu\/index.php?rest_route=\/wp\/v2\/pages"}],"about":[{"href":"http:\/\/coach-manager.eu\/index.php?rest_route=\/wp\/v2\/types\/page"}],"author":[{"embeddable":true,"href":"http:\/\/coach-manager.eu\/index.php?rest_route=\/wp\/v2\/users\/2"}],"replies":[{"embeddable":true,"href":"http:\/\/coach-manager.eu\/index.php?rest_route=%2Fwp%2Fv2%2Fcomments&post=557"}],"version-history":[{"count":0,"href":"http:\/\/coach-manager.eu\/index.php?rest_route=\/wp\/v2\/pages\/557\/revisions"}],"wp:attachment":[{"href":"http:\/\/coach-manager.eu\/index.php?rest_route=%2Fwp%2Fv2%2Fmedia&parent=557"}],"curies":[{"name":"wp","href":"https:\/\/api.w.org\/{rel}","templated":true}]}}