{"id":633,"date":"2014-05-12T02:28:25","date_gmt":"2014-05-12T00:28:25","guid":{"rendered":"http:\/\/coach-manager.fr\/?page_id=633"},"modified":"2014-05-12T02:28:25","modified_gmt":"2014-05-12T00:28:25","slug":"marc-rouhier-2","status":"publish","type":"page","link":"http:\/\/coach-manager.eu\/?page_id=633","title":{"rendered":"Marc ROUHIER"},"content":{"rendered":"<table style=\"height: 338px;\" width=\"656\">\n<tbody>\n<tr>\n<td><a href=\"http:\/\/coach-manager.eu\/wp-content\/uploads\/2014\/05\/iden_mrouhier1.jpg\"><img loading=\"lazy\" decoding=\"async\" class=\"alignnone size-medium wp-image-635\" src=\"http:\/\/coach-manager.eu\/wp-content\/uploads\/2014\/05\/iden_mrouhier1-193x300.jpg\" alt=\"iden_mrouhier\" width=\"193\" height=\"300\" srcset=\"http:\/\/coach-manager.eu\/wp-content\/uploads\/2014\/05\/iden_mrouhier1-193x300.jpg 193w, http:\/\/coach-manager.eu\/wp-content\/uploads\/2014\/05\/iden_mrouhier1.jpg 209w\" sizes=\"auto, (max-width: 193px) 100vw, 193px\" \/><\/a><\/p>\n<p>Ecrire \u00e0 Marc <a href=\"http:\/\/coach-manager.fr\/?p=1010\"><img loading=\"lazy\" decoding=\"async\" class=\"alignnone wp-image-959\" src=\"http:\/\/coach-manager.eu\/wp-content\/uploads\/2014\/05\/mail1001.png\" alt=\"mail100\" width=\"26\" height=\"20\" \/><\/a><\/td>\n<td><\/td>\n<td><strong>Marc ROUHIER<br \/>\n<\/strong>Conseil-Manager Coach<br \/>\n<strong>Ressource et Strat\u00e9gie<br \/>\n<\/strong><a href=\"http:\/\/coach-manager.eu\/wp-content\/uploads\/2014\/05\/rs_mrouhier1.png\"><img loading=\"lazy\" decoding=\"async\" class=\"alignnone  wp-image-634\" src=\"http:\/\/coach-manager.eu\/wp-content\/uploads\/2014\/05\/rs_mrouhier1-300x150.png\" alt=\"rs_mrouhier\" width=\"186\" height=\"93\" srcset=\"http:\/\/coach-manager.eu\/wp-content\/uploads\/2014\/05\/rs_mrouhier1-300x150.png 300w, http:\/\/coach-manager.eu\/wp-content\/uploads\/2014\/05\/rs_mrouhier1.png 393w\" sizes=\"auto, (max-width: 186px) 100vw, 186px\" \/><\/a><br \/>\n<\/br><br \/>\nLa Roche sur Yon \u2013 Poitiers Futuroscope<br \/>\nD160, La Chauvi\u00e8re \u2013 85000 La Roche sur Yon<br \/>\n&amp;\u00a0 Antar\u00e8s, T\u00e9l\u00e9port 4, BP 70183 \u2013 86962 Futuroscope Cedex<br \/>\nT\u00e9l\u00e9phone : +33.(0)6.09.66.66.85<br \/>\n<\/br><br \/>\n<em><strong>J\u2019exerce mon activit\u00e9 selon deux axes :<\/strong><\/em><br \/>\n<em><strong> Le d\u00e9veloppement et la transmission des entreprises.<\/strong><\/em><br \/>\n<em><strong> Avec une seule passion : Valoriser l\u2019humain.<\/strong><\/em><\/td>\n<\/tr>\n<\/tbody>\n<\/table>\n<p>&nbsp;<\/p>\n<p><strong>\u00ab Avec mon aide, Dans un monde qui bouge, Le dirigeant n\u2019est plus seul pour r\u00e9fl\u00e9chir avant de d\u00e9cider, il d\u00e9veloppe ses comp\u00e9tences et la valeur de son entreprise par un accompagnement personnalis\u00e9.\u00bb <\/strong><\/p>\n<p><strong>\u00a0<\/strong><\/p>\n<hr \/>\n<p style=\"text-align: center;\"><strong>Formation, parcours :<\/strong><\/p>\n<p>&nbsp;<\/p>\n<p>Dirigeant d\u2019entreprise depuis 1991, il a exerc\u00e9 alternativement le m\u00e9tier de chef d\u2019entreprise dans des TPE\/PME et celui de dirigeant r\u00e9gional au sein d\u2019un grand groupe international d\u2019assurances pendant 15 ans.<\/p>\n<p>Master 2 Bordeaux IV, Conseil, Formateur de managers, par son implication b\u00e9n\u00e9vole dans Capital Initiative Poitou Charentes il participe activement au soutien des entreprises et au maintien des emplois en R\u00e9gion.<\/p>\n<p>Il a cr\u00e9\u00e9 son cabinet pour accompagner les transmissions puis Ressources &amp; Strat\u00e9gie pour d\u00e9velopper ses expertises de conseil. IL y d\u00e9ploie des solutions \u00e0 destinations des dirigeants\u00a0: Strat\u00e9gie, Management comportemental, Coaching.<\/p>\n<p>&nbsp;<\/p>\n<p>&nbsp;<\/p>\n<hr \/>\n<p style=\"text-align: center;\"><strong>Principaux domaines d&rsquo;intervention &#8211; comp\u00e9tences cl\u00e9s :<\/strong><\/p>\n<p>&nbsp;<\/p>\n<p>Strat\u00e9gie, Gouvernance, Management, Croissance, Transmission.<br \/>\nAccompagnement de dirigeants, de managers et de commerciaux.<br \/>\nCoaching des \u00e9quipes, des organisations, missions de transition.<\/p>\n<p>D\u00e9veloppement des comp\u00e9tences, Formation et Actions de G.P.E.C.<\/p>\n<p>&nbsp;<\/p>\n<p>&nbsp;<\/p>\n<hr \/>\n<p style=\"text-align: center;\"><br class=\"none\" \/><br \/>\n<strong>Quelques r\u00e9f\u00e9rences et exemples de missions effectu\u00e9es :<\/strong><\/p>\n<p>&nbsp;<\/p>\n<p>Accompagnement du chef d\u2019entreprise dans la mise en place d\u2019un CODIR<br \/>\nAccompagnement du dirigeant dans la restructuration de son encadrement et la mise en place d\u2019une organisation commerciale en B to B.<br \/>\nAccompagnement du dirigeant dans la gestion d\u2019un conflit entre deux chefs d\u2019atelier.<br \/>\nCoacher le chef d\u2019entreprise pour la mise en place et la conduite des entretiens annuels. Recrutement de Techniciens et de Commerciaux.<br \/>\nPr\u00e9paration de la structure et Accompagnement du dirigeant dans la cession de son entreprise.<br \/>\nMission Op\u00e9rationnelle de transition \u00e0 temps partiel.<\/p>\n<p>&nbsp;<\/p>\n<p>Marc ROUHIER si\u00e8ge dans de nombreuses instances paritaires pour repr\u00e9senter le patronat.<\/p>\n<p>Ses centres d&rsquo;int\u00e9r\u00eat et hobbies : Voyages &amp; D\u00e9couvertes.<\/p>\n<p>&nbsp;<\/p>\n<p>&nbsp;<\/p>\n<hr \/>\n<p style=\"text-align: center;\"><em><strong>R\u00e9seaux sociaux :<\/strong> <\/em><\/p>\n<p>&nbsp;<\/p>\n<p>Viadeo : http:\/\/fr.viadeo.com\/fr\/profile\/<br \/>\nLinkedin : http:\/\/fr.linkedin.com\/pub\/<\/p>\n","protected":false},"excerpt":{"rendered":"<p>Ecrire \u00e0 Marc Marc ROUHIER Conseil-Manager Coach Ressource et Strat\u00e9gie La Roche sur Yon \u2013 Poitiers Futuroscope D160, La Chauvi\u00e8re \u2013 85000 La Roche sur Yon &amp;\u00a0 Antar\u00e8s, T\u00e9l\u00e9port 4, BP 70183 \u2013 86962 Futuroscope Cedex T\u00e9l\u00e9phone : +33.(0)6.09.66.66.85 J\u2019exerce mon activit\u00e9 selon deux axes : Le d\u00e9veloppement et la<a href=\"http:\/\/coach-manager.eu\/?page_id=633\" class=\"read-more\">lire la suite&#8230;<\/a><\/p>\n","protected":false},"author":2,"featured_media":0,"parent":0,"menu_order":0,"comment_status":"open","ping_status":"open","template":"","meta":{"spay_email":"","footnotes":""},"class_list":["post-633","page","type-page","status-publish","hentry"],"jetpack_shortlink":"https:\/\/wp.me\/P5fxaG-ad","jetpack_sharing_enabled":true,"_links":{"self":[{"href":"http:\/\/coach-manager.eu\/index.php?rest_route=\/wp\/v2\/pages\/633","targetHints":{"allow":["GET"]}}],"collection":[{"href":"http:\/\/coach-manager.eu\/index.php?rest_route=\/wp\/v2\/pages"}],"about":[{"href":"http:\/\/coach-manager.eu\/index.php?rest_route=\/wp\/v2\/types\/page"}],"author":[{"embeddable":true,"href":"http:\/\/coach-manager.eu\/index.php?rest_route=\/wp\/v2\/users\/2"}],"replies":[{"embeddable":true,"href":"http:\/\/coach-manager.eu\/index.php?rest_route=%2Fwp%2Fv2%2Fcomments&post=633"}],"version-history":[{"count":0,"href":"http:\/\/coach-manager.eu\/index.php?rest_route=\/wp\/v2\/pages\/633\/revisions"}],"wp:attachment":[{"href":"http:\/\/coach-manager.eu\/index.php?rest_route=%2Fwp%2Fv2%2Fmedia&parent=633"}],"curies":[{"name":"wp","href":"https:\/\/api.w.org\/{rel}","templated":true}]}}