{"id":677,"date":"2014-05-13T13:35:53","date_gmt":"2014-05-13T11:35:53","guid":{"rendered":"http:\/\/coach-manager.fr\/?page_id=677"},"modified":"2014-05-13T13:35:53","modified_gmt":"2014-05-13T11:35:53","slug":"integrer-accompagner","status":"publish","type":"page","link":"http:\/\/coach-manager.eu\/?page_id=677","title":{"rendered":"Int\u00e9grer, accompagner"},"content":{"rendered":"<p><strong>Le choix est fait, le contrat est sign\u00e9, la collaboration peut commencer<\/strong><\/p>\n<table>\n<tbody>\n<tr>\n<td colspan=\"2\"><strong><strong>Mise en place de la phase d&rsquo;accompagnement en 3 points :<\/strong><\/strong><\/td>\n<\/tr>\n<tr>\n<td><a href=\"http:\/\/coach-manager.eu\/wp-content\/uploads\/2014\/07\/Fotolia_33747166_S1.jpg\"><img loading=\"lazy\" decoding=\"async\" class=\"alignnone size-medium wp-image-852\" src=\"http:\/\/coach-manager.eu\/wp-content\/uploads\/2014\/07\/Fotolia_33747166_S1-300x229.jpg\" alt=\"teamwork, team of ants costructing bridge\" width=\"300\" height=\"229\" srcset=\"http:\/\/coach-manager.eu\/wp-content\/uploads\/2014\/07\/Fotolia_33747166_S1-300x229.jpg 300w, http:\/\/coach-manager.eu\/wp-content\/uploads\/2014\/07\/Fotolia_33747166_S1-600x459.jpg 600w, http:\/\/coach-manager.eu\/wp-content\/uploads\/2014\/07\/Fotolia_33747166_S1.jpg 792w\" sizes=\"auto, (max-width: 300px) 100vw, 300px\" \/><\/a><\/td>\n<td>Accueil :<\/p>\n<ul>\n<li>Livret<\/li>\n<li>Projet<\/li>\n<li>Fonctionnement<\/li>\n<\/ul>\n<p>Quotidien :<\/p>\n<ul>\n<li>Contenu du poste<\/li>\n<li>Hi\u00e9rarchiques<\/li>\n<li>Subordonn\u00e9s<\/li>\n<\/ul>\n<p>Accompagnement :<\/p>\n<ul>\n<li>R\u00e9f\u00e9rent<\/li>\n<li>Coach<\/li>\n<li>Accompagnement dans la dur\u00e9e<\/li>\n<\/ul>\n<\/td>\n<\/tr>\n<\/tbody>\n<\/table>\n<p>&nbsp;<\/p>\n","protected":false},"excerpt":{"rendered":"<p>Le choix est fait, le contrat est sign\u00e9, la collaboration peut commencer Mise en place de la phase d&rsquo;accompagnement en 3 points : Accueil : Livret Projet Fonctionnement Quotidien : Contenu du poste Hi\u00e9rarchiques Subordonn\u00e9s Accompagnement : R\u00e9f\u00e9rent Coach Accompagnement dans la dur\u00e9e &nbsp;<\/p>\n","protected":false},"author":2,"featured_media":0,"parent":0,"menu_order":0,"comment_status":"open","ping_status":"open","template":"","meta":{"spay_email":"","footnotes":""},"class_list":["post-677","page","type-page","status-publish","hentry"],"jetpack_shortlink":"https:\/\/wp.me\/P5fxaG-aV","jetpack_sharing_enabled":true,"_links":{"self":[{"href":"http:\/\/coach-manager.eu\/index.php?rest_route=\/wp\/v2\/pages\/677","targetHints":{"allow":["GET"]}}],"collection":[{"href":"http:\/\/coach-manager.eu\/index.php?rest_route=\/wp\/v2\/pages"}],"about":[{"href":"http:\/\/coach-manager.eu\/index.php?rest_route=\/wp\/v2\/types\/page"}],"author":[{"embeddable":true,"href":"http:\/\/coach-manager.eu\/index.php?rest_route=\/wp\/v2\/users\/2"}],"replies":[{"embeddable":true,"href":"http:\/\/coach-manager.eu\/index.php?rest_route=%2Fwp%2Fv2%2Fcomments&post=677"}],"version-history":[{"count":0,"href":"http:\/\/coach-manager.eu\/index.php?rest_route=\/wp\/v2\/pages\/677\/revisions"}],"wp:attachment":[{"href":"http:\/\/coach-manager.eu\/index.php?rest_route=%2Fwp%2Fv2%2Fmedia&parent=677"}],"curies":[{"name":"wp","href":"https:\/\/api.w.org\/{rel}","templated":true}]}}