{"id":705,"date":"2014-05-13T17:12:15","date_gmt":"2014-05-13T15:12:15","guid":{"rendered":"http:\/\/coach-manager.fr\/?page_id=705"},"modified":"2014-05-13T17:12:15","modified_gmt":"2014-05-13T15:12:15","slug":"lequipe-commerciale","status":"publish","type":"page","link":"http:\/\/coach-manager.eu\/?page_id=705","title":{"rendered":"L&#039;\u00e9quipe Commerciale"},"content":{"rendered":"<h1>Pourquoi nous confier le coaching de votre \u00e9quipe commerciale est-il le meilleur moyen d\u2019obtenir des r\u00e9sultats?<\/h1>\n<p>Cela vous permet de vous recentrer sur votre c\u0153ur de m\u00e9tier et d\u2019avoir acc\u00e8s \u00e0 de nouvelles comp\u00e9tences, ainsi qu\u2019\u00e0 une m\u00e9thodologie.<\/p>\n<p style=\"text-align: center;\">\u00ab Qu\u2019est-ce qui ferait que mon \u00e9quipe commerciale progresse encore ? \u00bb<br \/>\n\u00ab Quel soutien puis-je apporter \u00e0 mon \u00e9quipe commerciale ? \u00bb<\/p>\n<table>\n<thead>\n<tr>\n<td colspan=\"2\"><strong>Coacher une \u00e9quipe commerciale, c&rsquo;est lui permettre la performance<\/strong><\/td>\n<\/tr>\n<\/thead>\n<tbody>\n<tr>\n<td><a href=\"http:\/\/coach-manager.eu\/wp-content\/uploads\/2014\/07\/Fotolia_58490129_S1.jpg\"><img loading=\"lazy\" decoding=\"async\" class=\"alignnone size-medium wp-image-864\" src=\"http:\/\/coach-manager.eu\/wp-content\/uploads\/2014\/07\/Fotolia_58490129_S1-300x200.jpg\" alt=\"Composite image of unsmiling asian businessman pointing\" width=\"300\" height=\"200\" srcset=\"http:\/\/coach-manager.eu\/wp-content\/uploads\/2014\/07\/Fotolia_58490129_S1-300x200.jpg 300w, http:\/\/coach-manager.eu\/wp-content\/uploads\/2014\/07\/Fotolia_58490129_S1-600x400.jpg 600w, http:\/\/coach-manager.eu\/wp-content\/uploads\/2014\/07\/Fotolia_58490129_S1.jpg 849w\" sizes=\"auto, (max-width: 300px) 100vw, 300px\" \/><\/a><\/td>\n<td>\n<p style=\"text-align: left;\">Nos interventions:<\/p>\n<ul>\n<li>Animation de s\u00e9minaires de techniques de vente comportementale<\/li>\n<li>Formation \u00e0 la Direction Commerciale op\u00e9rationnelle<\/li>\n<li>Augmentation du savoir-faire et du savoir \u00eatre<\/li>\n<li>Mise en place de Strat\u00e9gie Commerciale sur mesure<\/li>\n<li>D\u00e9finition d\u2019une nouvelle ligne de conduite commerciale et mise en action<\/li>\n<li>Elaboration de nouveaux projets et partage avec l\u2019\u00e9quipe<\/li>\n<li>D\u00e9finition de nouveaux objectifs, collectifs et individuels<\/li>\n<li>Mise en place d\u2019entretiens individuels et\/ou collectifs r\u00e9guliers avec chaque membre de l\u2019\u00e9quipe commerciale<\/li>\n<li>Formations cibl\u00e9es en fonction des besoins de l\u2019\u00e9quipe commerciale<\/li>\n<\/ul>\n<\/td>\n<\/tr>\n<\/tbody>\n<\/table>\n","protected":false},"excerpt":{"rendered":"<p>Pourquoi nous confier le coaching de votre \u00e9quipe commerciale est-il le meilleur moyen d\u2019obtenir des r\u00e9sultats? Cela vous permet de vous recentrer sur votre c\u0153ur de m\u00e9tier et d\u2019avoir acc\u00e8s \u00e0 de nouvelles comp\u00e9tences, ainsi qu\u2019\u00e0 une m\u00e9thodologie. \u00ab Qu\u2019est-ce qui ferait que mon \u00e9quipe commerciale progresse encore ? \u00bb<a href=\"http:\/\/coach-manager.eu\/?page_id=705\" class=\"read-more\">lire la suite&#8230;<\/a><\/p>\n","protected":false},"author":2,"featured_media":0,"parent":0,"menu_order":0,"comment_status":"open","ping_status":"open","template":"","meta":{"spay_email":"","footnotes":""},"class_list":["post-705","page","type-page","status-publish","hentry"],"jetpack_shortlink":"https:\/\/wp.me\/P5fxaG-bn","jetpack_sharing_enabled":true,"_links":{"self":[{"href":"http:\/\/coach-manager.eu\/index.php?rest_route=\/wp\/v2\/pages\/705","targetHints":{"allow":["GET"]}}],"collection":[{"href":"http:\/\/coach-manager.eu\/index.php?rest_route=\/wp\/v2\/pages"}],"about":[{"href":"http:\/\/coach-manager.eu\/index.php?rest_route=\/wp\/v2\/types\/page"}],"author":[{"embeddable":true,"href":"http:\/\/coach-manager.eu\/index.php?rest_route=\/wp\/v2\/users\/2"}],"replies":[{"embeddable":true,"href":"http:\/\/coach-manager.eu\/index.php?rest_route=%2Fwp%2Fv2%2Fcomments&post=705"}],"version-history":[{"count":0,"href":"http:\/\/coach-manager.eu\/index.php?rest_route=\/wp\/v2\/pages\/705\/revisions"}],"wp:attachment":[{"href":"http:\/\/coach-manager.eu\/index.php?rest_route=%2Fwp%2Fv2%2Fmedia&parent=705"}],"curies":[{"name":"wp","href":"https:\/\/api.w.org\/{rel}","templated":true}]}}