{"id":80,"date":"2013-06-13T01:00:51","date_gmt":"2013-06-12T23:00:51","guid":{"rendered":"http:\/\/coach-manager.fr\/blog1\/?page_id=80"},"modified":"2013-06-13T01:00:51","modified_gmt":"2013-06-12T23:00:51","slug":"insights-discovery","status":"publish","type":"page","link":"http:\/\/coach-manager.eu\/?page_id=80","title":{"rendered":"Insights Discovery"},"content":{"rendered":"<h2><a href=\"http:\/\/coach-manager.fr\/blog1\/wp-content\/uploads\/2013\/06\/discoverylogo1.png\"><img loading=\"lazy\" decoding=\"async\" class=\"alignright size-full wp-image-206\" title=\"discoverylogo1\" src=\"http:\/\/coach-manager.fr\/blog1\/wp-content\/uploads\/2013\/06\/discoverylogo1.png\" alt=\"Insights Discovery\" width=\"200\" height=\"150\" \/><\/a>Se comprendre soi-m\u00eame et mieux comprendre autrui<\/h2>\n<p>Gagnez une connaissance approfondie de vous-m\u00eame et de vos coll\u00e8gues. D\u00e9couvrez la signification des pr\u00e9f\u00e9rences et du comportement adapt\u00e9. Apprenez \u00e0 vous adapter et \u00e0 \u00e9tablir des relations positives avec les autres, afin de cr\u00e9er des relations solides et efficaces.<\/p>\n<p><strong>Insights Discovery est id\u00e9al si vous souhaitez:<\/strong><\/p>\n<ul>\n<li>comprendre votre personnalit\u00e9 unique<\/li>\n<li>d\u00e9velopper vos comp\u00e9tences interpersonnelles<\/li>\n<li>am\u00e9liorer la qualit\u00e9 de votre communication<\/li>\n<li>cr\u00e9er de meilleures relations personnelles et professionnelles<\/li>\n<\/ul>\n<h2>Son fonctionnement<\/h2>\n<p>Insights Discovery utilise un mod\u00e8le simple et accessible en quatre couleurs pour comprendre les pr\u00e9f\u00e9rences uniques d\u2019un individu. Nous \u00e9valuons ces pr\u00e9f\u00e9rences en fonction des r\u00e9ponses fournies \u00e0 un bref questionnaire en ligne. L\u2019un des r\u00e9sultats est un profil de personnalit\u00e9 de 20 pages qui identifie les forces et les domaines de d\u00e9veloppement.<\/p>\n<p>Insights Discovery puise ses racines dans le travail du psychologue suisse Carl Jung. Il est continuellement valid\u00e9 et affin\u00e9 par notre \u00e9quipe de recherche afin de s\u2019assurer qu\u2019il est toujours exact et profond\u00e9ment perspicace.<\/p>\n<h2>O\u00f9 cela peut-il vous mener ?<\/h2>\n<p>Insights Discovery commence par vous aider \u00e0 vous d\u00e9couvrir et vous d\u00e9crit la mani\u00e8re dont vous agissez avec autrui. Gr\u00e2ce \u00e0 la profondeur de son analyse, Discovery peut vous entra\u00eener dans des endroits inattendus. Du coaching en face \u00e0 face au d\u00e9veloppement d\u2019\u00e9quipe en passant par l\u2019am\u00e9lioration des comp\u00e9tences de vente et de leadership, les possibilit\u00e9s sont infinies.<\/p>\n<p>Chaque profil personnel Discovery fournit des informations sur les atouts et les faiblesses d\u2019une personne, ainsi que sur son style de communication et sa valeur au sein d\u2019une \u00e9quipe. Chaque profil comprend des suggestions de d\u00e9veloppement qui peuvent \u00eatre mises en pratique d\u00e8s le lendemain. Des modules suppl\u00e9mentaires sont disponibles pour favoriser la formation et le d\u00e9veloppement dans tout un ensemble de domaines.<\/p>\n<h2>Les programmes Insights sont :<\/h2>\n<p>1.\u00a0\u00a0\u00a0 <strong>Simples<\/strong>: faciles \u00e0 comprendre et \u00e0 se rappeler, pour que chacun puisse appliquer ce qu\u2019il a appris.<br \/>\n2.\u00a0\u00a0\u00a0 <strong>Universels<\/strong>: ils parlent \u00e0 tout le monde, toute votre entreprise sera captiv\u00e9e par la magie d\u2019Insights.<br \/>\n3.\u00a0\u00a0\u00a0 <strong>Hautement<\/strong>: perspicaces : ils vous emm\u00e8nent l\u00e0 o\u00f9 vous n\u2019auriez jamais pens\u00e9 aller.<br \/>\n4.\u00a0\u00a0\u00a0 <strong>Positifs<\/strong>: nos paroles encourageantes sont si motivantes qu\u2019elles donnent aux personnes les moyens de changer.<br \/>\n5.\u00a0\u00a0\u00a0 <strong>Divertissants<\/strong>: des exp\u00e9riences \u00e9nergiques et anim\u00e9es qui suscitent un v\u00e9ritable enthousiasme.<\/p>\n","protected":false},"excerpt":{"rendered":"<p>Se comprendre soi-m\u00eame et mieux comprendre autrui Gagnez une connaissance approfondie de vous-m\u00eame et de vos coll\u00e8gues. D\u00e9couvrez la signification des pr\u00e9f\u00e9rences et du comportement adapt\u00e9. Apprenez \u00e0 vous adapter et \u00e0 \u00e9tablir des relations positives avec les autres, afin de cr\u00e9er des relations solides et efficaces. Insights Discovery est<a href=\"http:\/\/coach-manager.eu\/?page_id=80\" class=\"read-more\">lire la suite&#8230;<\/a><\/p>\n","protected":false},"author":3,"featured_media":0,"parent":87,"menu_order":0,"comment_status":"open","ping_status":"open","template":"","meta":{"spay_email":"","footnotes":""},"class_list":["post-80","page","type-page","status-publish","hentry"],"jetpack_shortlink":"https:\/\/wp.me\/P5fxaG-1i","jetpack_sharing_enabled":true,"_links":{"self":[{"href":"http:\/\/coach-manager.eu\/index.php?rest_route=\/wp\/v2\/pages\/80","targetHints":{"allow":["GET"]}}],"collection":[{"href":"http:\/\/coach-manager.eu\/index.php?rest_route=\/wp\/v2\/pages"}],"about":[{"href":"http:\/\/coach-manager.eu\/index.php?rest_route=\/wp\/v2\/types\/page"}],"author":[{"embeddable":true,"href":"http:\/\/coach-manager.eu\/index.php?rest_route=\/wp\/v2\/users\/3"}],"replies":[{"embeddable":true,"href":"http:\/\/coach-manager.eu\/index.php?rest_route=%2Fwp%2Fv2%2Fcomments&post=80"}],"version-history":[{"count":0,"href":"http:\/\/coach-manager.eu\/index.php?rest_route=\/wp\/v2\/pages\/80\/revisions"}],"up":[{"embeddable":true,"href":"http:\/\/coach-manager.eu\/index.php?rest_route=\/wp\/v2\/pages\/87"}],"wp:attachment":[{"href":"http:\/\/coach-manager.eu\/index.php?rest_route=%2Fwp%2Fv2%2Fmedia&parent=80"}],"curies":[{"name":"wp","href":"https:\/\/api.w.org\/{rel}","templated":true}]}}