{"id":98,"date":"2013-06-13T12:44:18","date_gmt":"2013-06-13T10:44:18","guid":{"rendered":"http:\/\/coach-manager.fr\/blog1\/?page_id=98"},"modified":"2013-06-13T12:44:18","modified_gmt":"2013-06-13T10:44:18","slug":"success-insights-wpmot","status":"publish","type":"page","link":"http:\/\/coach-manager.eu\/?page_id=98","title":{"rendered":"Success-Insights WPMOT"},"content":{"rendered":"<p>Bas\u00e9 sur les travaux de Spranger, il permet de r\u00e9v\u00e9ler les motivations personnelles de chacun.<\/p>\n<p>Parfait compl\u00e9ment de l&rsquo;outil DISC<\/p>\n<div><\/div>\n<p><img decoding=\"async\" src=\"http:\/\/success-insights.com\/images\/logos\/wpmot.jpg\" alt=\"evaluation des motivations\" width=\"300\" border=\"0\" \/><strong>MOTIVATIONS ET VALEURS :<\/strong><\/p>\n<p>D\u00e9couvrir ce qui motive un individu \u00e0 faire les choses et permettre d\u2019avoir un \u00e9clairage sur ce qu\u2019il consid\u00e8re comme important : mieux se connaitre, mieux connaitre ses collaborateurs, un outil tr\u00e8s enrichissant. Vous trouverez une information compl\u00e8te sur :<\/p>\n<p><strong><a title=\"Valeurs et motivation\" href=\"http:\/\/www.motivations.fr\/\" target=\"_blank\">http:\/\/www.motivations.fr\/<\/a><\/strong><\/p>\n","protected":false},"excerpt":{"rendered":"<p>Bas\u00e9 sur les travaux de Spranger, il permet de r\u00e9v\u00e9ler les motivations personnelles de chacun. Parfait compl\u00e9ment de l&rsquo;outil DISC MOTIVATIONS ET VALEURS : D\u00e9couvrir ce qui motive un individu \u00e0 faire les choses et permettre d\u2019avoir un \u00e9clairage sur ce qu\u2019il consid\u00e8re comme important : mieux se connaitre, mieux<a href=\"http:\/\/coach-manager.eu\/?page_id=98\" class=\"read-more\">lire la suite&#8230;<\/a><\/p>\n","protected":false},"author":3,"featured_media":0,"parent":77,"menu_order":20,"comment_status":"open","ping_status":"open","template":"","meta":{"spay_email":"","footnotes":""},"class_list":["post-98","page","type-page","status-publish","hentry"],"jetpack_shortlink":"https:\/\/wp.me\/P5fxaG-1A","jetpack_sharing_enabled":true,"_links":{"self":[{"href":"http:\/\/coach-manager.eu\/index.php?rest_route=\/wp\/v2\/pages\/98","targetHints":{"allow":["GET"]}}],"collection":[{"href":"http:\/\/coach-manager.eu\/index.php?rest_route=\/wp\/v2\/pages"}],"about":[{"href":"http:\/\/coach-manager.eu\/index.php?rest_route=\/wp\/v2\/types\/page"}],"author":[{"embeddable":true,"href":"http:\/\/coach-manager.eu\/index.php?rest_route=\/wp\/v2\/users\/3"}],"replies":[{"embeddable":true,"href":"http:\/\/coach-manager.eu\/index.php?rest_route=%2Fwp%2Fv2%2Fcomments&post=98"}],"version-history":[{"count":0,"href":"http:\/\/coach-manager.eu\/index.php?rest_route=\/wp\/v2\/pages\/98\/revisions"}],"up":[{"embeddable":true,"href":"http:\/\/coach-manager.eu\/index.php?rest_route=\/wp\/v2\/pages\/77"}],"wp:attachment":[{"href":"http:\/\/coach-manager.eu\/index.php?rest_route=%2Fwp%2Fv2%2Fmedia&parent=98"}],"curies":[{"name":"wp","href":"https:\/\/api.w.org\/{rel}","templated":true}]}}