{"id":1031,"date":"2014-08-04T01:32:25","date_gmt":"2014-08-03T23:32:25","guid":{"rendered":"http:\/\/coach-manager.fr\/?page_id=1031"},"modified":"2014-08-04T01:32:25","modified_gmt":"2014-08-03T23:32:25","slug":"contacter-coach-manager","status":"publish","type":"page","link":"https:\/\/coach-manager.eu\/?page_id=1031","title":{"rendered":"Contacter Coach-manager"},"content":{"rendered":"<p>&nbsp;<\/p>\n<table>\n<table style=\"height: 129px;\" width=\"850\">\n<tbody>\n<tr>\n<td><a href=\"http:\/\/coach-manager.eu\/wp-content\/uploads\/2014\/07\/Fotolia_54607907_S-e14071121942931.jpg\"><img loading=\"lazy\" decoding=\"async\" class=\"alignnone wp-image-862 size-medium\" title=\"La premi\u00e8re fois, \u00e0 part vous, qui y a cr\u00fb?\" src=\"http:\/\/coach-manager.eu\/wp-content\/uploads\/2014\/07\/Fotolia_54607907_S-e14071121942931-300x200.jpg\" alt=\"La premi\u00e8re fois, \u00e0 part vous, qui y a cr\u00fb?\" width=\"300\" height=\"200\" srcset=\"https:\/\/coach-manager.eu\/wp-content\/uploads\/2014\/07\/Fotolia_54607907_S-e14071121942931-300x200.jpg 300w, https:\/\/coach-manager.eu\/wp-content\/uploads\/2014\/07\/Fotolia_54607907_S-e14071121942931-600x400.jpg 600w, https:\/\/coach-manager.eu\/wp-content\/uploads\/2014\/07\/Fotolia_54607907_S-e14071121942931.jpg 848w\" sizes=\"auto, (max-width: 300px) 100vw, 300px\" \/><\/a><\/td>\n<td><em><strong>La premi\u00e8re fois, \u00e0 part vous, qui y a cru?<\/strong><\/em><\/p>\n<p>Un premier entretien avec un coach, pour \u00e9changer en toute confiance sur vous, votre entreprise, le m\u00e9tier du coach et ce qu&rsquo;il peut vous apporter?<br \/>\nVous voulez comprendre en quoi notre approche de la formation est pertinente et apporte de l&rsquo;efficacit\u00e9 aux hommes et aux organisations?<br \/>\nC&rsquo;est gratuit, et il suffit de le demander <a href=\"http:\/\/coach-manager.fr\/?p=1034\">ici <\/a><a href=\"http:\/\/coach-manager.fr\/?p=1034\"><img loading=\"lazy\" decoding=\"async\" class=\"alignnone wp-image-959\" src=\"http:\/\/coach-manager.eu\/wp-content\/uploads\/2014\/05\/mail1001.png\" alt=\"mail100\" width=\"26\" height=\"20\" \/><\/a><\/td>\n<\/tr>\n<\/tbody>\n<\/table>\n<table style=\"height: 129px;\" width=\"850\">\n<tbody>\n<tr>\n<td colspan=\"2\"><img loading=\"lazy\" decoding=\"async\" class=\"aligncenter wp-image-1041 \" src=\"http:\/\/coach-manager.eu\/wp-content\/uploads\/2014\/08\/groupe_ret-11.png\" alt=\"groupe_ret 1\" width=\"800\" height=\"119\" \/><\/td>\n<\/tr>\n<\/tbody>\n<\/table>\n<table style=\"height: 129px;\" width=\"850\">\n<tbody>\n<tr>\n<td><strong>Nous avons des valeurs communes?<\/strong><\/p>\n<p>Vous \u00eates coach et manager confirm\u00e9, et l&rsquo;id\u00e9e de prendre part \u00e0 un r\u00e9seau de pairs,\u00a0 en co-d\u00e9veloppement, bas\u00e9 sur une approche pragmatique et efficace de la relation d&rsquo;aide en entreprise vous s\u00e9duit?<\/p>\n<p>Vous \u00e9rigez la confiance en valeur absolue?<br \/>\nVous \u00eates convaincus que l&rsquo;essentiel, c&rsquo;est de faire grandir les hommes?<br \/>\nAlors contactez nous <a href=\"http:\/\/coach-manager.fr\/?p=1038\">ici<\/a> <a href=\"http:\/\/coach-manager.fr\/?p=1038\"><img loading=\"lazy\" decoding=\"async\" class=\"alignnone wp-image-959\" src=\"http:\/\/coach-manager.eu\/wp-content\/uploads\/2014\/05\/mail1001.png\" alt=\"mail100\" width=\"26\" height=\"20\" \/><\/a>\u00a0 pour \u00e9changer sur nos projets communs.<\/td>\n<td><a href=\"http:\/\/coach-manager.eu\/wp-content\/uploads\/2013\/06\/Fotolia_57857887_XS1.jpg\"><img loading=\"lazy\" decoding=\"async\" class=\"alignnone  wp-image-902\" src=\"http:\/\/coach-manager.eu\/wp-content\/uploads\/2013\/06\/Fotolia_57857887_XS1-300x204.jpg\" alt=\"Confiance en Soi, D\u00e9veloppement Personnel\" width=\"234\" height=\"159\" srcset=\"https:\/\/coach-manager.eu\/wp-content\/uploads\/2013\/06\/Fotolia_57857887_XS1-300x204.jpg 300w, https:\/\/coach-manager.eu\/wp-content\/uploads\/2013\/06\/Fotolia_57857887_XS1.jpg 420w\" sizes=\"auto, (max-width: 234px) 100vw, 234px\" \/><\/a><\/td>\n<\/tr>\n<\/tbody>\n<\/table>\n<p>&nbsp;<\/p>\n","protected":false},"excerpt":{"rendered":"<p>&nbsp; La premi\u00e8re fois, \u00e0 part vous, qui y a cru? Un premier entretien avec un coach, pour \u00e9changer en toute confiance sur vous, votre entreprise, le m\u00e9tier du coach et ce qu&rsquo;il peut vous apporter? Vous voulez comprendre en quoi notre approche de la formation est pertinente et apporte<a href=\"https:\/\/coach-manager.eu\/?page_id=1031\" class=\"read-more\">lire la suite&#8230;<\/a><\/p>\n","protected":false},"author":2,"featured_media":0,"parent":0,"menu_order":0,"comment_status":"closed","ping_status":"closed","template":"fullwidth.php","meta":{"spay_email":"","footnotes":""},"class_list":["post-1031","page","type-page","status-publish","hentry"],"jetpack_shortlink":"https:\/\/wp.me\/P5fxaG-gD","jetpack_sharing_enabled":true,"_links":{"self":[{"href":"https:\/\/coach-manager.eu\/index.php?rest_route=\/wp\/v2\/pages\/1031","targetHints":{"allow":["GET"]}}],"collection":[{"href":"https:\/\/coach-manager.eu\/index.php?rest_route=\/wp\/v2\/pages"}],"about":[{"href":"https:\/\/coach-manager.eu\/index.php?rest_route=\/wp\/v2\/types\/page"}],"author":[{"embeddable":true,"href":"https:\/\/coach-manager.eu\/index.php?rest_route=\/wp\/v2\/users\/2"}],"replies":[{"embeddable":true,"href":"https:\/\/coach-manager.eu\/index.php?rest_route=%2Fwp%2Fv2%2Fcomments&post=1031"}],"version-history":[{"count":0,"href":"https:\/\/coach-manager.eu\/index.php?rest_route=\/wp\/v2\/pages\/1031\/revisions"}],"wp:attachment":[{"href":"https:\/\/coach-manager.eu\/index.php?rest_route=%2Fwp%2Fv2%2Fmedia&parent=1031"}],"curies":[{"name":"wp","href":"https:\/\/api.w.org\/{rel}","templated":true}]}}