{"id":104,"date":"2013-06-13T17:19:08","date_gmt":"2013-06-13T15:19:08","guid":{"rendered":"http:\/\/coach-manager.fr\/blog1\/?page_id=104"},"modified":"2013-06-13T17:19:08","modified_gmt":"2013-06-13T15:19:08","slug":"diag-tpe-pme","status":"publish","type":"page","link":"https:\/\/coach-manager.eu\/?page_id=104","title":{"rendered":"DIAG-TPE-PME : synth\u00e9tique et efficace"},"content":{"rendered":"<p>Ce diagnostic, administr\u00e9 sous forme de questionnaire, fait le point sur les principaux domaines de l&rsquo;entreprise :<\/p>\n<blockquote>\n<ul>\n<li>Commercial<\/li>\n<li>Marketing<\/li>\n<li>Manag\u00e9rial<\/li>\n<li>Organisation-qualit\u00e9<\/li>\n<li>Comptabilit\u00e9-finance<\/li>\n<li>Synth\u00e8se globale<\/li>\n<\/ul>\n<\/blockquote>\n<p>Il existe en format simplifi\u00e9 ou approfondi, et est pr\u00e9sent\u00e9 de fa\u00e7on pratique et efficace, muni d&rsquo;un livret explicatif de 15 \u00e0 30 pages.<\/p>\n<p>Il offre une vision synth\u00e9tique et pertinente de l&rsquo;entreprise, permet de cibler du premier coup les champs d&rsquo;action prioritaires pour am\u00e9liorer et atteindre les r\u00e9sultats.<\/p>\n<p>&nbsp;<\/p>\n","protected":false},"excerpt":{"rendered":"<p>Ce diagnostic, administr\u00e9 sous forme de questionnaire, fait le point sur les principaux domaines de l&rsquo;entreprise : Commercial Marketing Manag\u00e9rial Organisation-qualit\u00e9 Comptabilit\u00e9-finance Synth\u00e8se globale Il existe en format simplifi\u00e9 ou approfondi, et est pr\u00e9sent\u00e9 de fa\u00e7on pratique et efficace, muni d&rsquo;un livret explicatif de 15 \u00e0 30 pages. Il offre<a href=\"https:\/\/coach-manager.eu\/?page_id=104\" class=\"read-more\">lire la suite&#8230;<\/a><\/p>\n","protected":false},"author":3,"featured_media":0,"parent":83,"menu_order":0,"comment_status":"open","ping_status":"open","template":"","meta":{"spay_email":"","footnotes":""},"class_list":["post-104","page","type-page","status-publish","hentry"],"jetpack_shortlink":"https:\/\/wp.me\/P5fxaG-1G","jetpack_sharing_enabled":true,"_links":{"self":[{"href":"https:\/\/coach-manager.eu\/index.php?rest_route=\/wp\/v2\/pages\/104","targetHints":{"allow":["GET"]}}],"collection":[{"href":"https:\/\/coach-manager.eu\/index.php?rest_route=\/wp\/v2\/pages"}],"about":[{"href":"https:\/\/coach-manager.eu\/index.php?rest_route=\/wp\/v2\/types\/page"}],"author":[{"embeddable":true,"href":"https:\/\/coach-manager.eu\/index.php?rest_route=\/wp\/v2\/users\/3"}],"replies":[{"embeddable":true,"href":"https:\/\/coach-manager.eu\/index.php?rest_route=%2Fwp%2Fv2%2Fcomments&post=104"}],"version-history":[{"count":0,"href":"https:\/\/coach-manager.eu\/index.php?rest_route=\/wp\/v2\/pages\/104\/revisions"}],"up":[{"embeddable":true,"href":"https:\/\/coach-manager.eu\/index.php?rest_route=\/wp\/v2\/pages\/83"}],"wp:attachment":[{"href":"https:\/\/coach-manager.eu\/index.php?rest_route=%2Fwp%2Fv2%2Fmedia&parent=104"}],"curies":[{"name":"wp","href":"https:\/\/api.w.org\/{rel}","templated":true}]}}