{"id":1359,"date":"2014-03-14T08:25:10","date_gmt":"2014-03-14T08:25:10","guid":{"rendered":"http:\/\/coach-manager.eu\/?page_id=1359"},"modified":"2014-10-29T01:16:39","modified_gmt":"2014-10-29T01:16:39","slug":"coach-manager-chrysalide","status":"publish","type":"page","link":"https:\/\/coach-manager.eu\/?page_id=1359","title":{"rendered":"Coach-Manager Chrysalide"},"content":{"rendered":"<h1>La sp\u00e9cialit\u00e9 de Coach-Manager :<\/h1>\n<h1>Coach-Manager Chrysalide : l&rsquo;offre Ultime<\/h1>\n<p>Chrysalide, c&rsquo;est tout le savoir faire de Coach-Manager, une action au confluent de nos trois postures. C&rsquo;est le meilleur des 3 mondes au service d&rsquo;un r\u00e9sultat rapide et durable.<\/p>\n<h2>Pourquoi Chrysalide ?<\/h2>\n<h2>Parce que certaines \u00e9volutions sont importantes et impactantes, simplement parce qu&rsquo;un papillon n&rsquo;est pas une grosse chenille&#8230;<\/h2>\n<table style=\"width: 800px;\">\n<tbody>\n<tr>\n<td>Cette offre s&rsquo;impose pour les situations demandant une \u00ab\u00a0m\u00e9tamorphose\u00a0\u00bb:<\/p>\n<ul>\n<li>les promotions demandant un changement important et rapide<\/li>\n<li>le dirigeant \u00e9prouvant le besoin d&rsquo;\u00e9voluer rapidement,<\/li>\n<li>les manager en grande difficult\u00e9<\/li>\n<\/ul>\n<\/td>\n<td><a href=\"http:\/\/coach-manager.fr\/wp-content\/uploads\/2012\/10\/projet.jpg\"><img loading=\"lazy\" decoding=\"async\" class=\"alignnone size-full wp-image-1131\" src=\"http:\/\/coach-manager.fr\/wp-content\/uploads\/2012\/10\/projet.jpg\" alt=\"blueprint of the spaceship and its flight path\" width=\"400\" height=\"300\" \/><\/a><\/td>\n<\/tr>\n<\/tbody>\n<\/table>\n<table style=\"width: 800px;\">\n<tbody>\n<tr>\n<td colspan=\"4\">\n<h2 style=\"text-align: center;\">Coach-Manager Chrysalide<\/h2>\n<\/td>\n<\/tr>\n<tr>\n<td>Phase pr\u00e9alable :<\/td>\n<td>Point de la situation au d\u00e9partBilan comportementalBilan des aptitudesBilan EQValidation des objectifs \u00e0 atteindre et de la faisabilit\u00e9 de l&rsquo;action.<\/td>\n<td>4 x 3h<\/td>\n<td rowspan=\"3\"><a href=\"http:\/\/coach-manager.fr\/wp-content\/uploads\/2014\/03\/Fotolia_48434281_XS.jpg\"><img loading=\"lazy\" decoding=\"async\" class=\"alignnone wp-image-1120\" src=\"http:\/\/coach-manager.fr\/wp-content\/uploads\/2014\/03\/Fotolia_48434281_XS.jpg\" alt=\"VTT_Soleil_Rayons\" width=\"300\" height=\"428\" \/><\/a><\/td>\n<\/tr>\n<tr>\n<td>Phase d&rsquo;action<\/td>\n<td>action con\u00e7ue sp\u00e9cifiquement en r\u00e9ponse aux besoins du candidatcoaching, formation, mentoringPack de 10 s\u00e9ances de 3h et suivi t\u00e9l\u00e9phonique inclus<\/td>\n<td>10 x 3h<\/td>\n<\/tr>\n<tr>\n<td>Phase d&rsquo;accompagnement<\/td>\n<td>Suivi de l&rsquo;actionCoachingAccompagnement<\/td>\n<td>6 x 2h<\/td>\n<\/tr>\n<\/tbody>\n<\/table>\n<p>&nbsp;<\/p>\n","protected":false},"excerpt":{"rendered":"<p>La sp\u00e9cialit\u00e9 de Coach-Manager : Coach-Manager Chrysalide : l&rsquo;offre Ultime Chrysalide, c&rsquo;est tout le savoir faire de Coach-Manager, une action au confluent de nos trois postures. C&rsquo;est le meilleur des 3 mondes au service d&rsquo;un r\u00e9sultat rapide et durable. Pourquoi Chrysalide ? Parce que certaines \u00e9volutions sont importantes et impactantes,<a href=\"https:\/\/coach-manager.eu\/?page_id=1359\" class=\"read-more\">lire la suite&#8230;<\/a><\/p>\n","protected":false},"author":2,"featured_media":0,"parent":0,"menu_order":0,"comment_status":"open","ping_status":"closed","template":"fullwidth.php","meta":{"spay_email":"","footnotes":""},"class_list":["post-1359","page","type-page","status-publish","hentry"],"jetpack_shortlink":"https:\/\/wp.me\/P5fxaG-lV","jetpack_sharing_enabled":true,"_links":{"self":[{"href":"https:\/\/coach-manager.eu\/index.php?rest_route=\/wp\/v2\/pages\/1359","targetHints":{"allow":["GET"]}}],"collection":[{"href":"https:\/\/coach-manager.eu\/index.php?rest_route=\/wp\/v2\/pages"}],"about":[{"href":"https:\/\/coach-manager.eu\/index.php?rest_route=\/wp\/v2\/types\/page"}],"author":[{"embeddable":true,"href":"https:\/\/coach-manager.eu\/index.php?rest_route=\/wp\/v2\/users\/2"}],"replies":[{"embeddable":true,"href":"https:\/\/coach-manager.eu\/index.php?rest_route=%2Fwp%2Fv2%2Fcomments&post=1359"}],"version-history":[{"count":7,"href":"https:\/\/coach-manager.eu\/index.php?rest_route=\/wp\/v2\/pages\/1359\/revisions"}],"predecessor-version":[{"id":1367,"href":"https:\/\/coach-manager.eu\/index.php?rest_route=\/wp\/v2\/pages\/1359\/revisions\/1367"}],"wp:attachment":[{"href":"https:\/\/coach-manager.eu\/index.php?rest_route=%2Fwp%2Fv2%2Fmedia&parent=1359"}],"curies":[{"name":"wp","href":"https:\/\/api.w.org\/{rel}","templated":true}]}}