{"id":517,"date":"2014-03-12T14:51:07","date_gmt":"2014-03-12T13:51:07","guid":{"rendered":"http:\/\/coach-manager.fr\/?page_id=517"},"modified":"2014-03-12T14:51:07","modified_gmt":"2014-03-12T13:51:07","slug":"dispositif-commercial","status":"publish","type":"page","link":"https:\/\/coach-manager.eu\/?page_id=517","title":{"rendered":"Dispositif commercial"},"content":{"rendered":"<p>Expertise des facteurs d\u00e9terminants et clich\u00e9 de la situation constat\u00e9e<\/p>\n<p>&nbsp;<\/p>\n<table>\n<tbody>\n<tr>\n<td style=\"text-align: center; vertical-align: middle;\" colspan=\"2\"><strong>Expertise de la performance commerciale :<\/strong><\/td>\n<\/tr>\n<tr>\n<td><a href=\"http:\/\/coach-manager.eu\/wp-content\/uploads\/2014\/07\/Fotolia_63893277_S1.jpg\"><img loading=\"lazy\" decoding=\"async\" class=\"alignnone size-medium wp-image-868\" src=\"http:\/\/coach-manager.eu\/wp-content\/uploads\/2014\/07\/Fotolia_63893277_S1-285x300.jpg\" alt=\"Business creativity and success concept\" width=\"285\" height=\"300\" srcset=\"https:\/\/coach-manager.eu\/wp-content\/uploads\/2014\/07\/Fotolia_63893277_S1-285x300.jpg 285w, https:\/\/coach-manager.eu\/wp-content\/uploads\/2014\/07\/Fotolia_63893277_S1-600x630.jpg 600w, https:\/\/coach-manager.eu\/wp-content\/uploads\/2014\/07\/Fotolia_63893277_S1.jpg 676w\" sizes=\"auto, (max-width: 285px) 100vw, 285px\" \/><\/a><\/td>\n<td>Expertise de la performance commerciale :<\/p>\n<ul>\n<li>activit\u00e9 Terrain<\/li>\n<li>\u00a0management commercial<\/li>\n<li>\u00a0outils commerciaux<\/li>\n<li>\u00a0concurrence<\/li>\n<li>\u00a0modes de commercialisation<\/li>\n<li>\u00a0segmentation des clients<\/li>\n<li>\u00a0gestion commerciale et de l\u2019information commerciale<\/li>\n<\/ul>\n<\/td>\n<\/tr>\n<\/tbody>\n<\/table>\n<p>Expertise commerciale individuelle et d\u2019\u00e9quipe<br \/>\nMesure de la performance commerciale de l\u2019entreprise<\/p>\n","protected":false},"excerpt":{"rendered":"<p>Expertise des facteurs d\u00e9terminants et clich\u00e9 de la situation constat\u00e9e &nbsp; Expertise de la performance commerciale : Expertise de la performance commerciale : activit\u00e9 Terrain \u00a0management commercial \u00a0outils commerciaux \u00a0concurrence \u00a0modes de commercialisation \u00a0segmentation des clients \u00a0gestion commerciale et de l\u2019information commerciale Expertise commerciale individuelle et d\u2019\u00e9quipe Mesure de la<a href=\"https:\/\/coach-manager.eu\/?page_id=517\" class=\"read-more\">lire la suite&#8230;<\/a><\/p>\n","protected":false},"author":2,"featured_media":0,"parent":0,"menu_order":0,"comment_status":"open","ping_status":"open","template":"","meta":{"spay_email":"","footnotes":""},"class_list":["post-517","page","type-page","status-publish","hentry"],"jetpack_shortlink":"https:\/\/wp.me\/P5fxaG-8l","jetpack_sharing_enabled":true,"_links":{"self":[{"href":"https:\/\/coach-manager.eu\/index.php?rest_route=\/wp\/v2\/pages\/517","targetHints":{"allow":["GET"]}}],"collection":[{"href":"https:\/\/coach-manager.eu\/index.php?rest_route=\/wp\/v2\/pages"}],"about":[{"href":"https:\/\/coach-manager.eu\/index.php?rest_route=\/wp\/v2\/types\/page"}],"author":[{"embeddable":true,"href":"https:\/\/coach-manager.eu\/index.php?rest_route=\/wp\/v2\/users\/2"}],"replies":[{"embeddable":true,"href":"https:\/\/coach-manager.eu\/index.php?rest_route=%2Fwp%2Fv2%2Fcomments&post=517"}],"version-history":[{"count":0,"href":"https:\/\/coach-manager.eu\/index.php?rest_route=\/wp\/v2\/pages\/517\/revisions"}],"wp:attachment":[{"href":"https:\/\/coach-manager.eu\/index.php?rest_route=%2Fwp%2Fv2%2Fmedia&parent=517"}],"curies":[{"name":"wp","href":"https:\/\/api.w.org\/{rel}","templated":true}]}}