{"id":524,"date":"2014-03-12T14:52:26","date_gmt":"2014-03-12T13:52:26","guid":{"rendered":"http:\/\/coach-manager.fr\/?page_id=524"},"modified":"2014-03-12T14:52:26","modified_gmt":"2014-03-12T13:52:26","slug":"fonctionnement-des-equipes","status":"publish","type":"page","link":"https:\/\/coach-manager.eu\/?page_id=524","title":{"rendered":"Fonctionnement des \u00e9quipes"},"content":{"rendered":"<p><strong>Conna\u00eetre, comprendre et anticiper les postures, les r\u00e9actions, c\u2019est \u00e0 dire la mani\u00e8re dont l\u2019\u00e9quipe r\u00e9agit aux stimuli de la vie de l\u2019entreprise, sa r\u00e9activit\u00e9 \u00e0 l\u2019environnement externe (clients, prospects, fournisseurs, partenaires).<\/strong><\/p>\n<p><strong>\u00a0<\/strong><\/p>\n<p>Il s\u2019agit d\u2019une approche permettant d\u2019obtenir un panorama collectif en m\u00eame temps que le panorama individuel de chaque membre de l\u2019\u00e9quipe concern\u00e9e pour faire progresser les pratiques professionnelles\u00a0:<\/p>\n<p>&nbsp;<\/p>\n<table>\n<tbody>\n<tr>\n<td><a href=\"http:\/\/coach-manager.eu\/wp-content\/uploads\/2014\/07\/Fotolia_21061399_XS1.jpg\"><img loading=\"lazy\" decoding=\"async\" class=\"alignnone size-medium wp-image-845\" src=\"http:\/\/coach-manager.eu\/wp-content\/uploads\/2014\/07\/Fotolia_21061399_XS1-225x300.jpg\" alt=\"3D men helping to climb\" width=\"225\" height=\"300\" srcset=\"https:\/\/coach-manager.eu\/wp-content\/uploads\/2014\/07\/Fotolia_21061399_XS1-225x300.jpg 225w, https:\/\/coach-manager.eu\/wp-content\/uploads\/2014\/07\/Fotolia_21061399_XS1.jpg 300w\" sizes=\"auto, (max-width: 225px) 100vw, 225px\" \/><\/a><\/td>\n<td>\n<ul>\n<li>Comprendre pourquoi une \u00e9quipe fonctionne bien ou pourquoi elle pourrait mieux fonctionner.<\/li>\n<li>Identifier les points de progr\u00e8s n\u00e9cessaires pour aborder une situation complexe, un moment difficile.<\/li>\n<li>D\u00e9couvrir comment compl\u00e9ter l\u2019\u00e9quipe avec efficience.<\/li>\n<li>Permettre au groupe de devenir, r\u00e9ellement, une \u00e9quipe<\/li>\n<\/ul>\n<\/td>\n<\/tr>\n<\/tbody>\n<\/table>\n<p>&nbsp;<\/p>\n<p><strong>Coach-Manager<\/strong> c\u2019est <strong>un r\u00e9seau d\u2019experts<\/strong> dont l\u2019action se positionne en compl\u00e9ment des s\u00e9minaires habituels\u00a0: Les dirigeants et leurs \u00e9quipes doivent en effet comprendre les postures et r\u00e9actions de leurs coll\u00e8gues ou collaborateurs non seulement en vivant ensemble des actions partag\u00e9es mais durablement en analysant et mesurant la puissance de leur force collective<\/p>\n","protected":false},"excerpt":{"rendered":"<p>Conna\u00eetre, comprendre et anticiper les postures, les r\u00e9actions, c\u2019est \u00e0 dire la mani\u00e8re dont l\u2019\u00e9quipe r\u00e9agit aux stimuli de la vie de l\u2019entreprise, sa r\u00e9activit\u00e9 \u00e0 l\u2019environnement externe (clients, prospects, fournisseurs, partenaires). \u00a0 Il s\u2019agit d\u2019une approche permettant d\u2019obtenir un panorama collectif en m\u00eame temps que le panorama individuel de<a href=\"https:\/\/coach-manager.eu\/?page_id=524\" class=\"read-more\">lire la suite&#8230;<\/a><\/p>\n","protected":false},"author":2,"featured_media":0,"parent":0,"menu_order":0,"comment_status":"open","ping_status":"open","template":"","meta":{"spay_email":"","footnotes":""},"class_list":["post-524","page","type-page","status-publish","hentry"],"jetpack_shortlink":"https:\/\/wp.me\/P5fxaG-8s","jetpack_sharing_enabled":true,"_links":{"self":[{"href":"https:\/\/coach-manager.eu\/index.php?rest_route=\/wp\/v2\/pages\/524","targetHints":{"allow":["GET"]}}],"collection":[{"href":"https:\/\/coach-manager.eu\/index.php?rest_route=\/wp\/v2\/pages"}],"about":[{"href":"https:\/\/coach-manager.eu\/index.php?rest_route=\/wp\/v2\/types\/page"}],"author":[{"embeddable":true,"href":"https:\/\/coach-manager.eu\/index.php?rest_route=\/wp\/v2\/users\/2"}],"replies":[{"embeddable":true,"href":"https:\/\/coach-manager.eu\/index.php?rest_route=%2Fwp%2Fv2%2Fcomments&post=524"}],"version-history":[{"count":0,"href":"https:\/\/coach-manager.eu\/index.php?rest_route=\/wp\/v2\/pages\/524\/revisions"}],"wp:attachment":[{"href":"https:\/\/coach-manager.eu\/index.php?rest_route=%2Fwp%2Fv2%2Fmedia&parent=524"}],"curies":[{"name":"wp","href":"https:\/\/api.w.org\/{rel}","templated":true}]}}