{"id":545,"date":"2014-03-13T17:07:10","date_gmt":"2014-03-13T16:07:10","guid":{"rendered":"http:\/\/coach-manager.fr\/?page_id=545"},"modified":"2014-03-13T17:07:10","modified_gmt":"2014-03-13T16:07:10","slug":"les-hommes","status":"publish","type":"page","link":"https:\/\/coach-manager.eu\/?page_id=545","title":{"rendered":"Les Hommes"},"content":{"rendered":"<table>\n<tbody>\n<tr>\n<td colspan=\"2\"><strong>Coach-manager est convaincu que faire grandir l&rsquo;homme permet de faire grandir les entreprises.<\/strong><\/td>\n<td><\/td>\n<\/tr>\n<tr>\n<td>\u00a0<a href=\"http:\/\/coach-manager.eu\/wp-content\/uploads\/2014\/03\/melee1.jpg\"><img loading=\"lazy\" decoding=\"async\" class=\"alignnone wp-image-1123\" src=\"http:\/\/coach-manager.eu\/wp-content\/uploads\/2014\/03\/melee1-300x162.jpg\" alt=\"Rugby\" width=\"184\" height=\"100\" srcset=\"https:\/\/coach-manager.eu\/wp-content\/uploads\/2014\/03\/melee1-300x162.jpg 300w, https:\/\/coach-manager.eu\/wp-content\/uploads\/2014\/03\/melee1.jpg 424w\" sizes=\"auto, (max-width: 184px) 100vw, 184px\" \/><\/a><\/td>\n<td style=\"vertical-align: middle;\">Notre mission:<\/p>\n<ul>\n<li>Permettre \u00e0 chacun d&rsquo;exploiter son <strong>potentiel,<\/strong><\/li>\n<li>stimuler la <strong>performance collective,<\/strong><\/li>\n<li><strong>d\u00e9velopper<\/strong> l&rsquo;humain et l&rsquo;organisation<\/li>\n<\/ul>\n<\/td>\n<td><\/td>\n<\/tr>\n<tr>\n<td colspan=\"2\">\u00a0\u00a0Notre approche est bas\u00e9e sur le \u00ab\u00a0mieux travailler ensemble\u00a0\u00bb, afin de permettre \u00e0 l&rsquo;organisation d&rsquo;\u00eatre plus efficace et plus p\u00e9renne.<\/td>\n<td><\/td>\n<\/tr>\n<\/tbody>\n<\/table>\n<table>\n<tbody>\n<tr>\n<td><a href=\"http:\/\/coach-manager.eu\/wp-content\/uploads\/2014\/07\/Fotolia_54607907_S-e14071121942931.jpg\"><img loading=\"lazy\" decoding=\"async\" class=\"alignnone size-medium wp-image-862\" src=\"http:\/\/coach-manager.fr\/wp-content\/uploads\/2014\/07\/Fotolia_54607907_S-300x200.jpg\" alt=\"Young female rock climber at sunset, Kalymnos Island, Greece\" width=\"300\" height=\"200\" \/><\/a><\/td>\n<td>Donner \u00e0 chacun sa place dans l&rsquo;\u00e9quipe, dans un cadre bien d\u00e9fini,\u00a0 c&rsquo;est l&rsquo;autoriser :<\/p>\n<ul>\n<li>\u00e0 \u00eatre <strong>impliqu\u00e9<\/strong>,<\/li>\n<li>\u00e0 \u00eatre <strong>motiv\u00e9,<\/strong><\/li>\n<li>\u00e0 \u00eatre <strong>autonome,<\/strong><\/li>\n<li>\u00e0 \u00eatre <strong>performant,<\/strong><\/li>\n<li>\u00e0 se <strong>d\u00e9passer,<\/strong><\/li>\n<li>\u00e0 prendre du <strong>plaisir<\/strong><\/li>\n<\/ul>\n<\/td>\n<\/tr>\n<\/tbody>\n<\/table>\n<table>\n<tbody>\n<tr>\n<td><\/td>\n<td>Accompagner les hommes, c&rsquo;est \u00eatre pr\u00e9sents au moment de:<\/p>\n<ul>\n<li>l&rsquo;int\u00e9gration de l&rsquo;entreprise<\/li>\n<li>l&rsquo;\u00e9volution dans l&rsquo;entreprise<\/li>\n<li>l&rsquo;\u00e9volution hors de l&rsquo;entreprise<\/li>\n<\/ul>\n<p>&nbsp;<\/p>\n<p>&nbsp;<\/td>\n<td><a href=\"http:\/\/coach-manager.eu\/wp-content\/uploads\/2014\/03\/pageblanche1.png\"><img loading=\"lazy\" decoding=\"async\" class=\"alignnone size-medium wp-image-1111\" src=\"http:\/\/coach-manager.eu\/wp-content\/uploads\/2014\/03\/pageblanche1-300x178.png\" alt=\"pageblanche\" width=\"300\" height=\"178\" srcset=\"https:\/\/coach-manager.eu\/wp-content\/uploads\/2014\/03\/pageblanche1-300x178.png 300w, https:\/\/coach-manager.eu\/wp-content\/uploads\/2014\/03\/pageblanche1.png 401w\" sizes=\"auto, (max-width: 300px) 100vw, 300px\" \/><\/a><\/td>\n<\/tr>\n<\/tbody>\n<\/table>\n<table>\n<tbody>\n<tr>\n<td>Aujourd&rsquo;hui, dans un contexte de changements, de bouleversements permanents, \u00eatre s\u00fbr d&rsquo;avoir la <strong>bonne personne<\/strong> <strong>au bon endroit<\/strong> est encore la meilleure fa\u00e7on de <strong>s&rsquo;assurer le succ\u00e8s<\/strong>.<\/p>\n<p><a href=\"http:\/\/coach-manager.eu\/wp-content\/uploads\/2014\/03\/trajectoires11.jpg\"><img loading=\"lazy\" decoding=\"async\" class=\"wp-image-1105 aligncenter\" src=\"http:\/\/coach-manager.eu\/wp-content\/uploads\/2014\/03\/trajectoires11-300x81.jpg\" alt=\"\u672a\u6765\u7684\" width=\"600\" height=\"162\" srcset=\"https:\/\/coach-manager.eu\/wp-content\/uploads\/2014\/03\/trajectoires11-300x81.jpg 300w, https:\/\/coach-manager.eu\/wp-content\/uploads\/2014\/03\/trajectoires11-600x162.jpg 600w, https:\/\/coach-manager.eu\/wp-content\/uploads\/2014\/03\/trajectoires11.jpg 800w\" sizes=\"auto, (max-width: 600px) 100vw, 600px\" \/><\/a><\/td>\n<\/tr>\n<\/tbody>\n<\/table>\n<p>&nbsp;<\/p>\n","protected":false},"excerpt":{"rendered":"<p>Coach-manager est convaincu que faire grandir l&rsquo;homme permet de faire grandir les entreprises. \u00a0 Notre mission: Permettre \u00e0 chacun d&rsquo;exploiter son potentiel, stimuler la performance collective, d\u00e9velopper l&rsquo;humain et l&rsquo;organisation \u00a0\u00a0Notre approche est bas\u00e9e sur le \u00ab\u00a0mieux travailler ensemble\u00a0\u00bb, afin de permettre \u00e0 l&rsquo;organisation d&rsquo;\u00eatre plus efficace et plus p\u00e9renne.<a href=\"https:\/\/coach-manager.eu\/?page_id=545\" class=\"read-more\">lire la suite&#8230;<\/a><\/p>\n","protected":false},"author":2,"featured_media":0,"parent":0,"menu_order":0,"comment_status":"open","ping_status":"open","template":"","meta":{"spay_email":"","footnotes":""},"class_list":["post-545","page","type-page","status-publish","hentry"],"jetpack_shortlink":"https:\/\/wp.me\/P5fxaG-8N","jetpack_sharing_enabled":true,"_links":{"self":[{"href":"https:\/\/coach-manager.eu\/index.php?rest_route=\/wp\/v2\/pages\/545","targetHints":{"allow":["GET"]}}],"collection":[{"href":"https:\/\/coach-manager.eu\/index.php?rest_route=\/wp\/v2\/pages"}],"about":[{"href":"https:\/\/coach-manager.eu\/index.php?rest_route=\/wp\/v2\/types\/page"}],"author":[{"embeddable":true,"href":"https:\/\/coach-manager.eu\/index.php?rest_route=\/wp\/v2\/users\/2"}],"replies":[{"embeddable":true,"href":"https:\/\/coach-manager.eu\/index.php?rest_route=%2Fwp%2Fv2%2Fcomments&post=545"}],"version-history":[{"count":0,"href":"https:\/\/coach-manager.eu\/index.php?rest_route=\/wp\/v2\/pages\/545\/revisions"}],"wp:attachment":[{"href":"https:\/\/coach-manager.eu\/index.php?rest_route=%2Fwp%2Fv2%2Fmedia&parent=545"}],"curies":[{"name":"wp","href":"https:\/\/api.w.org\/{rel}","templated":true}]}}