{"id":623,"date":"2014-05-07T15:34:19","date_gmt":"2014-05-07T13:34:19","guid":{"rendered":"http:\/\/coach-manager.fr\/?page_id=623"},"modified":"2014-05-07T15:34:19","modified_gmt":"2014-05-07T13:34:19","slug":"christine-delebarre","status":"publish","type":"page","link":"https:\/\/coach-manager.eu\/?page_id=623","title":{"rendered":"Christine DELEBARRE"},"content":{"rendered":"<table style=\"height: 338px;\" width=\"656\">\n<tbody>\n<tr>\n<td><a href=\"http:\/\/coach-manager.eu\/wp-content\/uploads\/2014\/05\/cdelebarre1.jpg\"><img loading=\"lazy\" decoding=\"async\" class=\"alignnone size-full wp-image-620\" src=\"http:\/\/coach-manager.eu\/wp-content\/uploads\/2014\/05\/cdelebarre1.jpg\" alt=\"cdelebarre\" width=\"243\" height=\"300\" \/><\/a><\/p>\n<p>Ecrire \u00e0 Christine <a href=\"http:\/\/coach-manager.fr\/?p=980\"><img loading=\"lazy\" decoding=\"async\" class=\"alignnone wp-image-959\" src=\"http:\/\/coach-manager.eu\/wp-content\/uploads\/2014\/05\/mail1001.png\" alt=\"mail100\" width=\"26\" height=\"20\" \/><\/a><\/p>\n<p>&nbsp;<\/td>\n<td>&nbsp;<\/p>\n<p>&nbsp;<\/p>\n<p>&nbsp;<\/p>\n<p>&nbsp;<\/p>\n<p>&nbsp;<\/td>\n<td><strong>Christine DELEBARRE<\/strong><\/p>\n<p>Manager-coach<\/p>\n<p><strong><img loading=\"lazy\" decoding=\"async\" class=\"alignnone size-full wp-image-738\" src=\"http:\/\/coach-manager.eu\/wp-content\/uploads\/2014\/05\/sjcd1.png\" alt=\"sjcd\" width=\"300\" height=\"95\" \/><\/strong><br \/>\n<br \/>\n<strong>SJCD Coaching &amp; d\u00e9veloppement commercial<\/strong><\/p>\n<p>R\u00e9gion Bretagne &#8211; Morbihan<br \/>\n6 rue Ren\u00e9 Mory 56400 AURAY<br \/>\nT\u00e9l\u00e9phone : +33 (0)6 64 87 02 04<br \/>\nSite internet:www.coach-manager.fr\/christine_delebarre<\/p>\n<p>Certifi\u00e9 Success Insights (DISC, WPMot et Talent Insights)<br \/>\nMembre d\u2019ICF<br \/>\n<strong>Organisme de formation :<br \/>\n<\/strong>d\u00e9claration d\u2019activit\u00e9 enregistr\u00e9e aupr\u00e8s du pr\u00e9fet de la r\u00e9gion n\u00b053 56 08922 56<\/td>\n<\/tr>\n<\/tbody>\n<\/table>\n<p>Vous connaissez parfaitement votre m\u00e9tier, mais parfois, vous avez \u00ab la t\u00eate dans le guidon \u00bb, vous \u00eates seul(e) et n\u2019avez personne avec qui \u00e9changer. Je vous propose de vous accompagner, vous aider \u00e0 prendre le recul n\u00e9cessaire, \u00e9tape par \u00e9tape :<\/p>\n<ul>\n<li>Faire le point sur vos objectifs personnels et professionnels<\/li>\n<li>R\u00e9fl\u00e9chir sur les solutions que vous devez mettre en place<\/li>\n<li>Vous donner une vision nouvelle de votre entreprise<\/li>\n<li>Vous aider \u00e0 (re)d\u00e9finir un cadre, une vision et partager ainsi les valeurs de l\u2019entreprise avec vos salari\u00e9s<\/li>\n<li>Accompagner votre \u00e9quipe commerciale et en am\u00e9liorer l\u2019efficacit\u00e9<\/li>\n<li>Acc\u00e9l\u00e9rer la croissance et le bien-\u00eatre dans l\u2019entreprise<\/li>\n<\/ul>\n<p>&nbsp;<\/p>\n<hr \/>\n<p style=\"text-align: center;\"><strong>Formation, parcours :<\/strong><\/p>\n<p>\u00a0 Chef d&rsquo;entreprise durant 15 ans (PME), j&rsquo;ai mesur\u00e9 les difficult\u00e9s quotidiennes de la vie de l&rsquo;entreprise. Aujourd&rsquo;hui, j&rsquo;ai orient\u00e9 mon activit\u00e9 professionnelle vers l&rsquo;Accompagnement des entreprises (TPE\/PME) dans le coaching individuel et\/ou d&rsquo;\u00e9quipe, dans le Management Commercial et\/ou comportemental. Je propose une intervention adapt\u00e9e \u00e0 chaque situation du Changement :<\/p>\n<ul>\n<li>Expertise Commerciale, Direction commerciale \u00e0 temps partag\u00e9<\/li>\n<li>Expertise Comportementale<\/li>\n<li>Coaching de Dirigeants<\/li>\n<li>\u00a0Coaching des Organisations<\/li>\n<li>\u00a0Recrutement<\/li>\n<\/ul>\n<p>Formation E.A.D. \u2013 1975\u20131978 Ecole d\u2019Administration et de Direction des Affaires Gestion financi\u00e8re et Marketing Ann\u00e9e pr\u00e9paratoire au concours d\u2019entr\u00e9e du CELSA &#8211; 1975 DEUG Anglais \u2013 Espagnol \u2013 1973-1974<\/p>\n<hr \/>\n<p style=\"text-align: center;\"><strong>Principaux domaines d&rsquo;intervention &#8211; comp\u00e9tences cl\u00e9s :<\/strong><\/p>\n<p>\u00a0 \u2013 Accompagnement d\u2019\u00e9quipe commerciale \u2013 D\u00e9veloppement commercial \u2013 Direction commerciale \u00e0 temps partag\u00e9 \u2013 Accompagnement de dirigeants, managers et de cadres responsables dans la prise de recul \u2013 Coaching des \u00e9quipes ou des organisations \u2013 D\u00e9veloppement des comp\u00e9tences, de la motivation et du savoir-\u00eatre \u2013 Formation de management comportemental et de d\u00e9veloppement commercial &#8211; Agr\u00e9ment Organisme de formation<\/p>\n<hr \/>\n<p style=\"text-align: center;\"><br class=\"none\" \/> <strong>Quelques r\u00e9f\u00e9rences et exemples de missions effectu\u00e9es :<\/strong> \u00a0 Accompagnement d\u2019un dirigeant et de son \u00e9quipe \u2013 Secteur btp Avec le chef d\u2019entreprise, mise en place d\u2019un processus d\u00e9l\u00e9gu\u00e9 avec le Comit\u00e9 de Direction, en vue de la d\u00e9l\u00e9gation de certaines de ses activit\u00e9s dans le but de prendre du recul, transmettre de la responsabilit\u00e9 et avoir du temps pour d\u00e9velopper l\u2019entreprise sur de nouveaux march\u00e9s et ouvrir une autre agence en province Accompagnement de deux \u00e9quipes commerciales dans l\u2019am\u00e9lioration de leur efficacit\u00e9 \u2013 Mise en place d\u2019un plan de marche \u2013 d\u2019objectifs qualitatifs et quantitatifs \u2013 Formations pour l\u2019accompagnement commercial : techniques de prospection t\u00e9l\u00e9phonique, transformer les objections en argumentation, Comment se cr\u00e9er un fichier de prospection avec des contacts qualifi\u00e9s, etc\u2026 &#8211; Enqu\u00eates Satisfaction Clients Recrutement d\u2019un nouveau collaborateur commercial dans une entreprise \u2013 Secteur btp \u2013 Pr\u00e9paration du recrutement \u2013 D\u00e9finition du profil du candidat \u2013 Recherche et tri des candidatures \u2013 Entretiens des candidats retenus &#8211; Accompagnement du candidat \u00e0 l\u2019int\u00e9gration dans l\u2019\u00e9quipe et l\u2019entreprise Coaching d\u2019une Dirigeante dans la conduite du changement<\/p>\n<hr \/>\n<p style=\"text-align: center;\"><em><strong>R\u00e9seaux sociaux :<\/strong> <\/em><\/p>\n<p style=\"text-align: center;\">\u00a0 <a href=\"http:\/\/fr.viadeo.com\/fr\/profile\/christine.delebarre\">Viadeo : <\/a>http:\/\/fr.viadeo.com\/fr\/profile\/christine.delebarre <a href=\"http:\/\/fr.linkedin.com\/pub\/christine-delebarre\/11\/831\/7a8\/\">Linkedin :<\/a> http:\/\/fr.linkedin.com\/pub\/christine-delebarre\/11\/831\/7a8\/<\/p>\n","protected":false},"excerpt":{"rendered":"<p>Ecrire \u00e0 Christine &nbsp; &nbsp; &nbsp; &nbsp; &nbsp; &nbsp; Christine DELEBARRE Manager-coach SJCD Coaching &amp; d\u00e9veloppement commercial R\u00e9gion Bretagne &#8211; Morbihan 6 rue Ren\u00e9 Mory 56400 AURAY T\u00e9l\u00e9phone : +33 (0)6 64 87 02 04 Site internet:www.coach-manager.fr\/christine_delebarre Certifi\u00e9 Success Insights (DISC, WPMot et Talent Insights) Membre d\u2019ICF Organisme de formation<a href=\"https:\/\/coach-manager.eu\/?page_id=623\" class=\"read-more\">lire la suite&#8230;<\/a><\/p>\n","protected":false},"author":2,"featured_media":0,"parent":0,"menu_order":0,"comment_status":"open","ping_status":"open","template":"","meta":{"spay_email":"","footnotes":""},"class_list":["post-623","page","type-page","status-publish","hentry"],"jetpack_shortlink":"https:\/\/wp.me\/P5fxaG-a3","jetpack_sharing_enabled":true,"_links":{"self":[{"href":"https:\/\/coach-manager.eu\/index.php?rest_route=\/wp\/v2\/pages\/623","targetHints":{"allow":["GET"]}}],"collection":[{"href":"https:\/\/coach-manager.eu\/index.php?rest_route=\/wp\/v2\/pages"}],"about":[{"href":"https:\/\/coach-manager.eu\/index.php?rest_route=\/wp\/v2\/types\/page"}],"author":[{"embeddable":true,"href":"https:\/\/coach-manager.eu\/index.php?rest_route=\/wp\/v2\/users\/2"}],"replies":[{"embeddable":true,"href":"https:\/\/coach-manager.eu\/index.php?rest_route=%2Fwp%2Fv2%2Fcomments&post=623"}],"version-history":[{"count":0,"href":"https:\/\/coach-manager.eu\/index.php?rest_route=\/wp\/v2\/pages\/623\/revisions"}],"wp:attachment":[{"href":"https:\/\/coach-manager.eu\/index.php?rest_route=%2Fwp%2Fv2%2Fmedia&parent=623"}],"curies":[{"name":"wp","href":"https:\/\/api.w.org\/{rel}","templated":true}]}}