{"id":638,"date":"2014-05-12T02:55:28","date_gmt":"2014-05-12T00:55:28","guid":{"rendered":"http:\/\/coach-manager.fr\/?page_id=638"},"modified":"2014-05-12T02:55:28","modified_gmt":"2014-05-12T00:55:28","slug":"regine-plancher","status":"publish","type":"page","link":"https:\/\/coach-manager.eu\/?page_id=638","title":{"rendered":"R\u00e9gine PLANCHER"},"content":{"rendered":"<table style=\"height: 338px;\" width=\"656\">\n<tbody>\n<tr>\n<td><a href=\"http:\/\/coach-manager.eu\/wp-content\/uploads\/2014\/05\/id_plancher1.jpg\"><img loading=\"lazy\" decoding=\"async\" class=\"alignnone size-medium wp-image-639\" src=\"http:\/\/coach-manager.eu\/wp-content\/uploads\/2014\/05\/id_plancher1-245x300.jpg\" alt=\"id_plancher\" width=\"245\" height=\"300\" srcset=\"https:\/\/coach-manager.eu\/wp-content\/uploads\/2014\/05\/id_plancher1-245x300.jpg 245w, https:\/\/coach-manager.eu\/wp-content\/uploads\/2014\/05\/id_plancher1.jpg 436w\" sizes=\"auto, (max-width: 245px) 100vw, 245px\" \/><\/a><\/p>\n<p>Ecrire \u00e0 R\u00e9gine <a href=\"http:\/\/coach-manager.fr\/?p=1016\"><img loading=\"lazy\" decoding=\"async\" class=\"alignnone wp-image-959\" src=\"http:\/\/coach-manager.eu\/wp-content\/uploads\/2014\/05\/mail1001.png\" alt=\"mail100\" width=\"26\" height=\"20\" \/><\/a><\/td>\n<td><\/td>\n<td><strong>R\u00e9gine PLANCHER<br \/>\n<\/strong>Manager Coach<a href=\"http:\/\/coach-manager.eu\/wp-content\/uploads\/2014\/05\/afbd3001.jpg\"><img loading=\"lazy\" decoding=\"async\" class=\"alignnone  wp-image-741\" src=\"http:\/\/coach-manager.eu\/wp-content\/uploads\/2014\/05\/afbd3001.jpg\" alt=\"afbd300\" width=\"182\" height=\"99\" \/><\/a><strong>afbd Conseil<br \/>\n<\/strong><\/p>\n<p>Normandie<\/p>\n<p>6, Place Saint Vincent de Paul<br \/>\n76600 Le Havre<br \/>\nT\u00e9l\u00e9phone : +33.(0)6.15.30.77.90<br \/>\nM\u00e9l. : iv@orange.fr<br \/>\nSite internet : <a href=\"http:\/\/www.afbdconseil.com\">www.afbdconseil.com<\/a><\/p>\n<p>Certifi\u00e9<br \/>\n<strong>Organisme de formation :<\/strong><\/p>\n<p>d\u00e9claration d<\/td>\n<\/tr>\n<\/tbody>\n<\/table>\n<p>&nbsp;<\/p>\n<p>L\u2019activit\u00e9 principale d\u2019AFBD est l\u2019accompagnement des Dirigeants de TPE\/PME en coaching et Management Comportemental\u00a0:<\/p>\n<p>Les Dirigeants des TPE\/PME\u00a0 sont experts dans leur domaine technique, mais pas toujours aguerris aux\u00a0 pratiques manag\u00e9riales\u00a0: comment bien recruter, qui embaucher, comment d\u00e9l\u00e9guer \u00e0 ses collaborateurs, quelle strat\u00e9gie ai-je mise en place et comment est-elle partag\u00e9e avec mes \u00e9quipes\u00a0? comment faire de mes \u00e9quipes un levier de performances\u00a0? Comment bien g\u00e9rer mon temps et celui de mes salari\u00e9s, quels outils de gestion, de suivi\u00a0 ai-je mis en place pour fluidifier et optimiser les process, et donc l\u2019efficacit\u00e9 de mon organisation\u00a0?<\/p>\n<p>AFBD propose un accompagnement au Dirigeant pour l\u2019aider \u00e0\u00a0:<br \/>\n&#8211; d\u00e9finir la strat\u00e9gie de son entreprise et la communiquer \u00e0 ses \u00e9quipes,<br \/>\n&#8211; Mieux se conna\u00eetre et mieux conna\u00eetre et comprendre ses collaborateurs afin d\u2019optimiser leurs performances.<br \/>\nPour cela, AFBD s\u2019appuie sur un outil objectif de profil comportemental TTI Success Insights, le DISC de Marston et WPMOT d\u2019Edouard Spranger.<\/p>\n<p>AFBD\u00a0c\u2019est\u00a0 l\u2019Accompagnement du Dirigeant et la Formation de ses \u00e9quipes pour le D\u00e9veloppement de son Business<\/p>\n<p>&nbsp;<\/p>\n<p><strong>\u00a0<\/strong><\/p>\n<hr \/>\n<p style=\"text-align: center;\"><strong>Formation, parcours :<\/strong><\/p>\n<p>&nbsp;<\/p>\n<p>R\u00e9gine Plancher \u00e9volue dans le monde des Ressources Humaines au sens large depuis plus de 20 ans.<br \/>\nG\u00e9n\u00e9raliste de formation elle est dot\u00e9e d\u2019un dipl\u00f4me de Sciences-Po Grenoble, un DEA d\u2019Histoire et un Troisi\u00e8me cycle en Management et Gestion des Ressources Humaines.<\/p>\n<p>Elle a travaill\u00e9 dans des entreprises de petites et grandes tailles, dans des fonctions RH, manag\u00e9riales ou de d\u00e9veloppement commercial.<\/p>\n<p>R\u00e9gine a v\u00e9cu et travaill\u00e9 10 ans en Asie, \u00e0 Hong-Kong puis Singapour o\u00f9 elle a occup\u00e9 diff\u00e9rentes fonctions manag\u00e9riales dans un environnement multiculturel.<\/p>\n<p>Elle parle anglais couramment et conna\u00eet tr\u00e8s bien l\u2019Asie.<\/p>\n<p>Elle a aussi exerc\u00e9 en cabinets Conseils comme charg\u00e9e de recrutement, Chasseur de t\u00eate, consultante en restructuration d\u2019entreprises, formatrice en techniques de recherche d\u2019emploi, en Management Comportemental\u00a0.<\/p>\n<p>Elle est certifi\u00e9e Success Insights Practitioner (techniques de l\u2019\u00e9cole de psychologie jungienne).<\/p>\n<p>Elle dirige aujourd\u2019hui le cabinet Conseil AFBD.<\/p>\n<p>Elle est membre active du Groupe BNI Perspectives du Havre.<\/p>\n<p>&nbsp;<\/p>\n<p>&nbsp;<\/p>\n<hr \/>\n<p style=\"text-align: center;\"><strong>Principaux domaines d&rsquo;intervention &#8211; comp\u00e9tences cl\u00e9s :<\/strong><\/p>\n<p>&nbsp;<\/p>\n<p>Accompagnement de dirigeants, managers et de cadres responsables dans la prise de recul<br \/>\nCoaching des \u00e9quipes ou des organisations<br \/>\nD\u00e9veloppement des comp\u00e9tences, de la motivation et du savoir \u00eatre<\/p>\n<p>&nbsp;<\/p>\n<p>&nbsp;<\/p>\n<hr \/>\n<p style=\"text-align: center;\"><br class=\"none\" \/><br \/>\n<strong>Quelques r\u00e9f\u00e9rences et exemples de missions effectu\u00e9es :<\/strong><\/p>\n<p>Accompagnement d\u2019un Dirigeant pour d\u00e9finir ses objectifs de transmission et d\u00e9terminer en interne ou en externe \u00e0 qui c\u00e9der son entreprise.<br \/>\nCoaching d\u2019un chef d\u2019entreprise suite \u00e0 la cessation de son activit\u00e9 et avant de rebondir sur une nouvelle cr\u00e9ation d\u2019entreprise.<\/p>\n<p>Accompagnement d\u2019un dirigeant dans la mise en place d\u2019un CODIR et dans la d\u00e9l\u00e9gation de certaines de ses activit\u00e9s dans un contexte de p\u00e9rennisation de son entreprise et de perspective de transmission.<\/p>\n<p>Coaching d\u2019un Dirigeant n\u2019ayant plus de Vision de son entreprise\u00a0: red\u00e9finition de sa strat\u00e9gie et partage des responsabilit\u00e9s avec ses collaborateurs.<\/p>\n<p>Formation d\u2019un groupe de femmes dirigeantes au Savoir-\u00eatre\u00a0: mieux se conna\u00eetre pour mieux travailler ensemble.<\/p>\n<p>Soutien \u00e0 une DRH dans le recrutement de ses Cadres Sup\u00e9rieurs avec l\u2019appui de l\u2019outil de profil Comportemental Talent de Success Insights<\/p>\n<p>&nbsp;<\/p>\n<p>&nbsp;<\/p>\n<p>R\u00e9gine PLANCHER est certifi\u00e9e<br \/>\nSuccess Insights<\/p>\n<hr \/>\n<p style=\"text-align: center;\"><em><strong>R\u00e9seaux sociaux :<\/strong> <\/em><\/p>\n<p>&nbsp;<\/p>\n<p><a href=\"http:\/\/www.viadeo.com\/profile\/002lsk5o1rali2r\">Viadeo\u00a0:<\/a>http:\/\/www.viadeo.com\/profile\/002lsk5o1rali2r<br \/>\n<a href=\"https:\/\/www.linkedin.com\/pub\/r\u00e9gine-plancher-collignon\/8\/426\/a96\">Linkedin\u00a0: <\/a>https:\/\/www.linkedin.com\/pub\/r\u00e9gine-plancher-collignon\/8\/426\/a96<\/p>\n","protected":false},"excerpt":{"rendered":"<p>Ecrire \u00e0 R\u00e9gine R\u00e9gine PLANCHER Manager Coachafbd Conseil Normandie 6, Place Saint Vincent de Paul 76600 Le Havre T\u00e9l\u00e9phone : +33.(0)6.15.30.77.90 M\u00e9l. : iv@orange.fr Site internet : www.afbdconseil.com Certifi\u00e9 Organisme de formation : d\u00e9claration d &nbsp; L\u2019activit\u00e9 principale d\u2019AFBD est l\u2019accompagnement des Dirigeants de TPE\/PME en coaching et Management Comportemental\u00a0:<a href=\"https:\/\/coach-manager.eu\/?page_id=638\" class=\"read-more\">lire la suite&#8230;<\/a><\/p>\n","protected":false},"author":2,"featured_media":0,"parent":0,"menu_order":0,"comment_status":"open","ping_status":"open","template":"","meta":{"spay_email":"","footnotes":""},"class_list":["post-638","page","type-page","status-publish","hentry"],"jetpack_shortlink":"https:\/\/wp.me\/P5fxaG-ai","jetpack_sharing_enabled":true,"_links":{"self":[{"href":"https:\/\/coach-manager.eu\/index.php?rest_route=\/wp\/v2\/pages\/638","targetHints":{"allow":["GET"]}}],"collection":[{"href":"https:\/\/coach-manager.eu\/index.php?rest_route=\/wp\/v2\/pages"}],"about":[{"href":"https:\/\/coach-manager.eu\/index.php?rest_route=\/wp\/v2\/types\/page"}],"author":[{"embeddable":true,"href":"https:\/\/coach-manager.eu\/index.php?rest_route=\/wp\/v2\/users\/2"}],"replies":[{"embeddable":true,"href":"https:\/\/coach-manager.eu\/index.php?rest_route=%2Fwp%2Fv2%2Fcomments&post=638"}],"version-history":[{"count":0,"href":"https:\/\/coach-manager.eu\/index.php?rest_route=\/wp\/v2\/pages\/638\/revisions"}],"wp:attachment":[{"href":"https:\/\/coach-manager.eu\/index.php?rest_route=%2Fwp%2Fv2%2Fmedia&parent=638"}],"curies":[{"name":"wp","href":"https:\/\/api.w.org\/{rel}","templated":true}]}}