{"id":672,"date":"2014-05-13T11:49:41","date_gmt":"2014-05-13T09:49:41","guid":{"rendered":"http:\/\/coach-manager.fr\/?page_id=672"},"modified":"2014-05-13T11:49:41","modified_gmt":"2014-05-13T09:49:41","slug":"recruter","status":"publish","type":"page","link":"https:\/\/coach-manager.eu\/?page_id=672","title":{"rendered":"Recruter"},"content":{"rendered":"<p>Le besoin ayant \u00e9t\u00e9 clairement d\u00e9fini et les principaux crit\u00e8res d\u00e9termin\u00e9s, le recrutement peut commencer, en 3 grandes phases.<\/p>\n<p>Nous avons des accords avec des partenaires de qualit\u00e9, pour toute la phase de recherche de CV et de pr\u00e9-s\u00e9lection.<\/p>\n<p>Phase 1 : la recherche<\/p>\n<table>\n<tbody>\n<tr>\n<td>\n<table>\n<tbody>\n<tr>\n<td><\/td>\n<td><\/td>\n<td><\/td>\n<\/tr>\n<tr>\n<td><\/td>\n<td><\/td>\n<td><\/td>\n<\/tr>\n<\/tbody>\n<\/table>\n<\/td>\n<td><\/td>\n<td><\/td>\n<\/tr>\n<tr>\n<td><\/td>\n<td><\/td>\n<td><\/td>\n<\/tr>\n<\/tbody>\n<\/table>\n<p>Phase 2 : la rencontre<\/p>\n<p>&nbsp;<\/p>\n<p>Phase 3 : La s\u00e9lection<\/p>\n<p>&nbsp;<\/p>\n<table>\n<tbody>\n<tr>\n<td><a href=\"http:\/\/coach-manager.eu\/wp-content\/uploads\/2014\/07\/Fotolia_20819978_M1.jpg\"><img loading=\"lazy\" decoding=\"async\" class=\"alignnone size-medium wp-image-844\" src=\"http:\/\/coach-manager.eu\/wp-content\/uploads\/2014\/07\/Fotolia_20819978_M1-300x211.jpg\" alt=\"Success concept\" width=\"300\" height=\"211\" srcset=\"https:\/\/coach-manager.eu\/wp-content\/uploads\/2014\/07\/Fotolia_20819978_M1-300x211.jpg 300w, https:\/\/coach-manager.eu\/wp-content\/uploads\/2014\/07\/Fotolia_20819978_M1-600x423.jpg 600w, https:\/\/coach-manager.eu\/wp-content\/uploads\/2014\/07\/Fotolia_20819978_M1-1024x722.jpg 1024w, https:\/\/coach-manager.eu\/wp-content\/uploads\/2014\/07\/Fotolia_20819978_M1.jpg 1641w\" sizes=\"auto, (max-width: 300px) 100vw, 300px\" \/><\/a><\/td>\n<td>Faire le choix en fonction des crit\u00e8res d&rsquo;int\u00e9gration et d&rsquo;\u00e9volution<\/td>\n<td><\/td>\n<\/tr>\n<tr>\n<td><\/td>\n<td><\/td>\n<td><\/td>\n<\/tr>\n<\/tbody>\n<\/table>\n<p>Communiquer, Passer l&rsquo;annonce<br \/>\nS\u00e9lectionner les candidats \u00e0 recevoir<br \/>\nRecevoir les candidats<br \/>\nEvaluer la short-list<br \/>\nChoisir le recrut\u00e9<\/p>\n","protected":false},"excerpt":{"rendered":"<p>Le besoin ayant \u00e9t\u00e9 clairement d\u00e9fini et les principaux crit\u00e8res d\u00e9termin\u00e9s, le recrutement peut commencer, en 3 grandes phases. Nous avons des accords avec des partenaires de qualit\u00e9, pour toute la phase de recherche de CV et de pr\u00e9-s\u00e9lection. Phase 1 : la recherche Phase 2 : la rencontre &nbsp;<a href=\"https:\/\/coach-manager.eu\/?page_id=672\" class=\"read-more\">lire la suite&#8230;<\/a><\/p>\n","protected":false},"author":2,"featured_media":0,"parent":0,"menu_order":0,"comment_status":"open","ping_status":"open","template":"","meta":{"spay_email":"","footnotes":""},"class_list":["post-672","page","type-page","status-publish","hentry"],"jetpack_shortlink":"https:\/\/wp.me\/P5fxaG-aQ","jetpack_sharing_enabled":true,"_links":{"self":[{"href":"https:\/\/coach-manager.eu\/index.php?rest_route=\/wp\/v2\/pages\/672","targetHints":{"allow":["GET"]}}],"collection":[{"href":"https:\/\/coach-manager.eu\/index.php?rest_route=\/wp\/v2\/pages"}],"about":[{"href":"https:\/\/coach-manager.eu\/index.php?rest_route=\/wp\/v2\/types\/page"}],"author":[{"embeddable":true,"href":"https:\/\/coach-manager.eu\/index.php?rest_route=\/wp\/v2\/users\/2"}],"replies":[{"embeddable":true,"href":"https:\/\/coach-manager.eu\/index.php?rest_route=%2Fwp%2Fv2%2Fcomments&post=672"}],"version-history":[{"count":0,"href":"https:\/\/coach-manager.eu\/index.php?rest_route=\/wp\/v2\/pages\/672\/revisions"}],"wp:attachment":[{"href":"https:\/\/coach-manager.eu\/index.php?rest_route=%2Fwp%2Fv2%2Fmedia&parent=672"}],"curies":[{"name":"wp","href":"https:\/\/api.w.org\/{rel}","templated":true}]}}