{"id":83,"date":"2013-06-13T12:31:52","date_gmt":"2013-06-13T10:31:52","guid":{"rendered":"http:\/\/coach-manager.fr\/blog1\/?page_id=83"},"modified":"2013-06-13T12:31:52","modified_gmt":"2013-06-13T10:31:52","slug":"diagnostics","status":"publish","type":"page","link":"https:\/\/coach-manager.eu\/?page_id=83","title":{"rendered":"Organisation et Strat\u00e9gie : Les Diagnostics"},"content":{"rendered":"<p>Ces outils permettent de d\u00e9terminer de fa\u00e7on rapide et efficace les priorit\u00e9s d&rsquo;action.<\/p>\n","protected":false},"excerpt":{"rendered":"<p>Ces outils permettent de d\u00e9terminer de fa\u00e7on rapide et efficace les priorit\u00e9s d&rsquo;action.<\/p>\n","protected":false},"author":3,"featured_media":0,"parent":70,"menu_order":30,"comment_status":"open","ping_status":"open","template":"","meta":{"spay_email":"","footnotes":""},"class_list":["post-83","page","type-page","status-publish","hentry"],"jetpack_shortlink":"https:\/\/wp.me\/P5fxaG-1l","jetpack_sharing_enabled":true,"_links":{"self":[{"href":"https:\/\/coach-manager.eu\/index.php?rest_route=\/wp\/v2\/pages\/83","targetHints":{"allow":["GET"]}}],"collection":[{"href":"https:\/\/coach-manager.eu\/index.php?rest_route=\/wp\/v2\/pages"}],"about":[{"href":"https:\/\/coach-manager.eu\/index.php?rest_route=\/wp\/v2\/types\/page"}],"author":[{"embeddable":true,"href":"https:\/\/coach-manager.eu\/index.php?rest_route=\/wp\/v2\/users\/3"}],"replies":[{"embeddable":true,"href":"https:\/\/coach-manager.eu\/index.php?rest_route=%2Fwp%2Fv2%2Fcomments&post=83"}],"version-history":[{"count":0,"href":"https:\/\/coach-manager.eu\/index.php?rest_route=\/wp\/v2\/pages\/83\/revisions"}],"up":[{"embeddable":true,"href":"https:\/\/coach-manager.eu\/index.php?rest_route=\/wp\/v2\/pages\/70"}],"wp:attachment":[{"href":"https:\/\/coach-manager.eu\/index.php?rest_route=%2Fwp%2Fv2%2Fmedia&parent=83"}],"curies":[{"name":"wp","href":"https:\/\/api.w.org\/{rel}","templated":true}]}}