{"id":94,"date":"2013-06-13T12:41:53","date_gmt":"2013-06-13T10:41:53","guid":{"rendered":"http:\/\/coach-manager.fr\/blog1\/?page_id=94"},"modified":"2013-06-13T12:41:53","modified_gmt":"2013-06-13T10:41:53","slug":"success-insights-disc","status":"publish","type":"page","link":"https:\/\/coach-manager.eu\/?page_id=94","title":{"rendered":"Success-Insights DISC"},"content":{"rendered":"<p>Bas\u00e9 sur les travaux de Marston, c&rsquo;est un outil de connaissance de soi, mais aussi et surtout de connaissance des autres.<\/p>\n<p>Il est facile \u00e0 comprendre, et utilisable au quotidien<\/p>\n<h2><\/h2>\n<div><\/div>\n<p><strong><img decoding=\"async\" src=\"http:\/\/success-insights.com\/images\/logos\/disc.jpg\" alt=\"Profil disc\" border=\"0\" \/><br \/>\n<\/strong>L<strong>e <\/strong>questionnaire<strong> DISC <\/strong>pour\u00a0comprendre &lsquo;<strong><strong><em>comment nous agissons<\/em>&lsquo;<\/strong>.<br \/>\n<\/strong>Le <strong>Profil DISC<\/strong> ne prend pas en compte l&rsquo;Education, l&rsquo;exp\u00e9rience acquise, les valeurs ou l&rsquo;intelligence, il mesure\u00a0seulement les comportements individuels\u00a0ou Comment nous communiquons.<\/p>\n<p><strong>Un questionnaire accessible en ligne :<br \/>\n<\/strong>Le questionnaire DISC de Success Insights est bas\u00e9 sur l&rsquo;outil DISC de Marston [<a href=\"http:\/\/success-insights.com\/outils-evaluation-rh-en-ligne\/test-evaluation-en-ligne-disc?id=24\">Le langage DISC<\/a>].<br \/>\nIl est compos\u00e9 de 24 questions. A chaque question est associ\u00e9 4 adjectifs, le r\u00e9pondant doit \u00a0alors choisir l\u2019adjectif qui lui correspond le moins et celui qui lui correspond le plus.<br \/>\nCe questionnaire n\u2019est pas un test,\u00a0il n&rsquo;a pas pour objectif de juger la personne sur ses r\u00e9ponses, il n\u2019y a pas de bonnes ou de mauvaises r\u00e9ponses, seulement des r\u00e9ponses, comme il n\u2019y a pas de bon ou de mauvais comportement, seulement des comportements.<br \/>\n<strong> Les r\u00e9sultats du questionnaire :<\/strong><br \/>\nLe questionnaire donne lieu \u00e0 un rapport qui s&rsquo;adapte \u00e0 vos besoins et au poste occup\u00e9 par la personne r\u00e9pondant au questionnaire: commercial, manager, employ\u00e9, DRH&#8230;<\/p>\n<p>Les rapports comportent diff\u00e9rentes rubriques :<br \/>\n*Les caract\u00e9ristiques g\u00e9n\u00e9rales du comportement<br \/>\n*Valeur pour l&rsquo;entreprise<br \/>\n*Style Naturel<br \/>\n*Style Adpat\u00e9<br \/>\n*Indicateurs de stress<br \/>\n*Conseils de communication : vous, vous par rapport aux autres, les autres par rapport \u00e0 vous<br \/>\n*Indicateurs de comportement aidant \u00e0 la lecture des r\u00e9sultats<br \/>\n*Plan d&rsquo;action personnel<br \/>\n*Graphiques et Roue<\/p>\n","protected":false},"excerpt":{"rendered":"<p>Bas\u00e9 sur les travaux de Marston, c&rsquo;est un outil de connaissance de soi, mais aussi et surtout de connaissance des autres. Il est facile \u00e0 comprendre, et utilisable au quotidien Le questionnaire DISC pour\u00a0comprendre &lsquo;comment nous agissons&lsquo;. Le Profil DISC ne prend pas en compte l&rsquo;Education, l&rsquo;exp\u00e9rience acquise, les valeurs<a href=\"https:\/\/coach-manager.eu\/?page_id=94\" class=\"read-more\">lire la suite&#8230;<\/a><\/p>\n","protected":false},"author":3,"featured_media":0,"parent":77,"menu_order":10,"comment_status":"open","ping_status":"open","template":"","meta":{"spay_email":"","footnotes":""},"class_list":["post-94","page","type-page","status-publish","hentry"],"jetpack_shortlink":"https:\/\/wp.me\/P5fxaG-1w","jetpack_sharing_enabled":true,"_links":{"self":[{"href":"https:\/\/coach-manager.eu\/index.php?rest_route=\/wp\/v2\/pages\/94","targetHints":{"allow":["GET"]}}],"collection":[{"href":"https:\/\/coach-manager.eu\/index.php?rest_route=\/wp\/v2\/pages"}],"about":[{"href":"https:\/\/coach-manager.eu\/index.php?rest_route=\/wp\/v2\/types\/page"}],"author":[{"embeddable":true,"href":"https:\/\/coach-manager.eu\/index.php?rest_route=\/wp\/v2\/users\/3"}],"replies":[{"embeddable":true,"href":"https:\/\/coach-manager.eu\/index.php?rest_route=%2Fwp%2Fv2%2Fcomments&post=94"}],"version-history":[{"count":0,"href":"https:\/\/coach-manager.eu\/index.php?rest_route=\/wp\/v2\/pages\/94\/revisions"}],"up":[{"embeddable":true,"href":"https:\/\/coach-manager.eu\/index.php?rest_route=\/wp\/v2\/pages\/77"}],"wp:attachment":[{"href":"https:\/\/coach-manager.eu\/index.php?rest_route=%2Fwp%2Fv2%2Fmedia&parent=94"}],"curies":[{"name":"wp","href":"https:\/\/api.w.org\/{rel}","templated":true}]}}